{"id":2186,"date":"2024-06-25T18:25:26","date_gmt":"2024-06-25T18:25:26","guid":{"rendered":"https:\/\/alojamientoslucena.com\/politica-de-privacidad-y-cookies\/"},"modified":"2025-02-02T10:00:32","modified_gmt":"2025-02-02T10:00:32","slug":"datenschutz-und-cookie-richtlinie","status":"publish","type":"page","link":"https:\/\/alojamientoslucena.com\/de\/datenschutz-und-cookie-richtlinie\/","title":{"rendered":"Datenschutz- und Cookie-Richtlinie"},"content":{"rendered":"\n<p>Diese Datenschutz- und Cookie-Richtlinie regelt die Verarbeitung personenbezogener Daten, die durch den Zugriff und die Nutzung der Website <a href=\"http:\/\/www.alojamientoslucena.com\/\">www.alojamientoslucena.com<\/a> (im Folgenden \u201edie Website\u201c) erfolgt, die im Besitz von ANTONIO MANCHADO LOPEZ ist, mit NIF: 48872089X und eingetragener Adresse in CAMINO LA TORCA, S\/N, 14900 LUCENA (C\u00d3RDOBA). Zudem informiert diese Richtlinie \u00fcber die Verwendung von Cookies auf der Website.<\/p>\n\n\n\n<p><strong>Datenschutzrichtlinie<\/strong><\/p>\n\n\n\n<p>Die Nutzung der Website verleiht dem Nutzer den Status eines Nutzers (im Folgenden \u201eder Nutzer\u201c) und impliziert die Kenntnis und Akzeptanz aller in dieser Datenschutzrichtlinie enthaltenen Bedingungen. Der Nutzer muss diese Datenschutzrichtlinie sorgf\u00e4ltig lesen, bevor er die Website nutzt, da sie \u00c4nderungen unterliegen kann.<\/p>\n\n\n\n<p><strong>Erhebung, Verarbeitung und Nutzung personenbezogener Daten auf der Website<\/strong><\/p>\n\n\n\n<p>In \u00dcbereinstimmung mit der Datenschutz-Grundverordnung 2016\/679 (DSGVO) und dem Organgesetz 3\/2018 vom 5. Dezember zum Schutz personenbezogener Daten und zur Garantie digitaler Rechte informieren wir Sie dar\u00fcber, dass zur Nutzung einiger der auf unserer Website angebotenen Dienstleistungen bestimmte personenbezogene Daten erforderlich sein k\u00f6nnen, die in automatisierte Dateien aufgenommen werden.<\/p>\n\n\n\n<p>Gem\u00e4\u00df den Bestimmungen der Verordnung (EU) 2016\/679 des Europ\u00e4ischen Parlaments und des Rates vom 27. April 2016, die ab Mai 2018 verbindlich wurde und den Schutz nat\u00fcrlicher Personen in Bezug auf die Verarbeitung personenbezogener Daten sowie den freien Datenverkehr regelt und die Richtlinie 95\/46\/EG (Datenschutz-Grundverordnung) aufhebt, informieren wir Sie dar\u00fcber, dass der Verantwortliche f\u00fcr die Datenverarbeitung ANTONIO MANCHADO LOPEZ ist.<\/p>\n\n\n\n<p>Generell werden die erhobenen Daten verarbeitet, um die \u00fcber die Website angebotenen Dienstleistungen bereitzustellen oder um andere Arten von Beziehungen zu verwalten, die aufgrund von Anfragen, Verfahren oder Ma\u00dfnahmen des Nutzers \u00fcber die Website mit ANTONIO MANCHADO LOPEZ entstehen k\u00f6nnen. Die verarbeiteten Daten sind diejenigen, die der Nutzer \u00fcber die auf der Website bereitgestellten Formulare oder per E-Mail an die dort angegebenen Adressen sendet, sowie andere Daten, die w\u00e4hrend der Aufrechterhaltung der entsprechenden Beziehung generiert werden.<\/p>\n\n\n\n<p>Alle als Pflichtfelder gekennzeichneten Felder in den Formularen m\u00fcssen ausgef\u00fcllt werden. Das Fehlen einer dieser Angaben kann dazu f\u00fchren, dass die Anfrage nicht bearbeitet oder die entsprechenden Dienstleistungen nicht erbracht werden k\u00f6nnen.<\/p>\n\n\n\n<p>Zus\u00e4tzlich kann w\u00e4hrend der Datenerhebung die Zustimmung f\u00fcr andere Zwecke erbeten werden, die nicht direkt mit der betreffenden Dienstleistung zusammenh\u00e4ngen. Falls Sie mit dieser zus\u00e4tzlichen Verarbeitung nicht einverstanden sind, k\u00f6nnen Sie die entsprechende Option aktivieren oder deaktivieren.<\/p>\n\n\n\n<p><strong>\u00dcbermittlung oder Weitergabe von Daten<\/strong><\/p>\n\n\n\n<p>Die auf der Website gesammelten Daten werden nur an andere Unternehmen weitergegeben, um die Entwicklung, Wartung und Kontrolle des rechtlichen Verh\u00e4ltnisses sicherzustellen oder wenn eine gesetzliche Erlaubnis daf\u00fcr vorliegt.<\/p>\n\n\n\n<p>Die Zustimmung des Nutzers zur Verarbeitung oder Weitergabe seiner Daten gem\u00e4\u00df den in diesem Absatz genannten Bedingungen ist jederzeit widerrufbar, ohne r\u00fcckwirkende Auswirkungen.<\/p>\n\n\n\n<p>Abgesehen von den oben genannten F\u00e4llen wird ANTONIO MANCHADO LOPEZ die personenbezogenen Daten der Nutzer nicht an Dritte weitergeben, es sei denn, eine vorherige Zustimmung wurde in der gesetzlich vorgeschriebenen Weise eingeholt.<\/p>\n\n\n\n<p><strong>Richtigkeit, Aktualisierung und Speicherung personenbezogener Daten der Nutzer<\/strong><\/p>\n\n\n\n<p>Durch das \u00dcbermitteln der Daten \u00fcber die bereitgestellten Formulare oder per E-Mail erkl\u00e4rt der Nutzer, dass die bereitgestellten Informationen und Daten korrekt und wahrheitsgem\u00e4\u00df sind und dass er \u00fcber 18 Jahre alt ist. Die Dienste der Website richten sich nicht an Minderj\u00e4hrige unter 18 Jahren, daher ist keine elterliche Zustimmung vorgesehen. Der Nutzer ist daf\u00fcr verantwortlich, alle seine personenbezogenen Daten stets auf dem neuesten Stand zu halten.<\/p>\n\n\n\n<p>ANTONIO MANCHADO LOPEZ wird personenbezogene Daten so lange speichern, wie sie zur Bereitstellung der Dienstleistungen oder zur Bearbeitung von Anfragen der Nutzer erforderlich sind und in jedem Fall f\u00fcr die gesetzlich vorgeschriebenen Zeitr\u00e4ume.<\/p>\n\n\n\n<p><strong>Aus\u00fcbung der Rechte auf Zugang, Berichtigung, L\u00f6schung und Widerspruch<\/strong><\/p>\n\n\n\n<p>Die Nutzer k\u00f6nnen der Verarbeitung ihrer Daten widersprechen, die nicht f\u00fcr die Bereitstellung der auf der Website angebotenen Dienstleistungen erforderlich sind, oder ihrer Nutzung f\u00fcr andere Zwecke als die Aufrechterhaltung der angegebenen Beziehung.<\/p>\n\n\n\n<p>Die Nutzer werden ordnungsgem\u00e4\u00df informiert und k\u00f6nnen jederzeit ihre Rechte auf Zugang, Berichtigung, L\u00f6schung und Widerspruch gegen die Verarbeitung ihrer Daten aus\u00fcben sowie ihre Einwilligung widerrufen oder ihr Recht auf Vergessenwerden gem\u00e4\u00df den gesetzlichen Bestimmungen geltend machen, indem sie eine Anfrage an folgende E-Mail-Adresse senden: <a href=\"mailto:hola@alojamientoslucena.com\">hola@alojamientoslucena.com<\/a> oder an die Postanschrift des Unternehmens, unter Beif\u00fcgung einer Kopie eines Identit\u00e4tsnachweises.<\/p>\n\n\n\n<p><strong>Kommerzielle Kommunikation<\/strong><\/p>\n\n\n\n<p>Falls der Nutzer seine Zustimmung zum Erhalt kommerzieller Mitteilungen gegeben hat, kann ANTONIO MANCHADO LOPEZ dem Nutzer kommerzielle oder werbliche Informationen \u00fcber beliebige Kan\u00e4le, einschlie\u00dflich elektronischer Medien (E-Mail, SMS usw.), zusenden, sei es allgemein oder personalisiert, je nach seinen Merkmalen, \u00fcber seine Produkte und Dienstleistungen, einschlie\u00dflich der Teilnahme an Gewinnspielen, Veranstaltungen und Zufriedenheitsumfragen.<\/p>\n\n\n\n<p>Der Nutzer kann jederzeit der Zusendung kommerzieller Mitteilungen widersprechen, indem er eine Anfrage an die oben genannten postalischen oder elektronischen Adressen sendet oder die spezifischen Mechanismen nutzt, die in den erhaltenen kommerziellen Mitteilungen angegeben sind.<\/p>\n\n\n\n<p><strong>Verlinkte Websites<\/strong><\/p>\n\n\n\n<p>Die Website kann Links zu anderen Websites enthalten, die au\u00dferhalb der Kontrolle von ANTONIO MANCHADO LOPEZ liegen. Daher k\u00f6nnen wir weder garantieren noch f\u00fcr die Verarbeitung personenbezogener Daten verantwortlich gemacht werden, die der Nutzer auf diesen Websites bereitstellt. Wir empfehlen, die Datenschutzrichtlinien dieser Websites zu \u00fcberpr\u00fcfen.<\/p>\n\n\n\n<p><strong>Cookie-Richtlinie<\/strong><\/p>\n\n\n\n<p>ANTONIO MANCHADO LOPEZ informiert in \u00dcbereinstimmung mit dem Gesetz 34\/2002 vom 11. Juli \u00fcber Dienste der Informationsgesellschaft und elektronischen Handel (LSSI), konsolidiert am 10. Mai 2014, \u00fcber die Cookie-Richtlinie der Website in den folgenden Abs\u00e4tzen.<\/p>\n\n\n\n<p><strong>Was sind Cookies?<\/strong><\/p>\n\n\n\n<p>Ein Cookie ist eine Datei, die auf dem Ger\u00e4t des Nutzers heruntergeladen und gespeichert wird, wenn er auf bestimmte Webseiten zugreift. Dadurch k\u00f6nnen Informationen \u00fcber die Navigation von diesem Ger\u00e4t gespeichert und abgerufen werden.<\/p>\n\n\n\n<p><strong>Blockierung oder Deaktivierung von Cookies<\/strong><\/p>\n\n\n\n<p>Der Nutzer kann die Speicherung von Cookies zulassen, blockieren oder l\u00f6schen, indem er die Einstellungen seines Browsers konfiguriert oder das unter folgendem Link verf\u00fcgbare Plug-in verwendet:<\/p>\n\n\n\n<figure class=\"wp-block-embed\"><div class=\"wp-block-embed__wrapper\">\nhttps:\/\/tools.google.com\/dlpage\/gaoptout?hl=de.\n<\/div><\/figure>\n\n\n\n<p>Links zur Deaktivierung von Cookies in verschiedenen Browsern:<\/p>\n\n\n\n<ul class=\"wp-block-list\">\n<li><strong>Firefox<\/strong>: <a href=\"https:\/\/support.mozilla.org\/de\/kb\/cookies-erlauben-und-ablehnen\">https:\/\/support.mozilla.org\/de\/kb\/cookies-erlauben-und-ablehnen<\/a><\/li>\n\n\n\n<li><strong>Explorer<\/strong>: <a href=\"http:\/\/windows.microsoft.com\/de-de\/windows7\/how-to-manage-cookies-in-internet-explorer-9\">http:\/\/windows.microsoft.com\/de-de\/windows7\/how-to-manage-cookies-in-internet-explorer-9<\/a><\/li>\n\n\n\n<li><strong>Safari<\/strong>: <a href=\"http:\/\/support.apple.com\/kb\/ph5042\">http:\/\/support.apple.com\/kb\/ph5042<\/a><\/li>\n\n\n\n<li><strong>Opera<\/strong>: <a href=\"http:\/\/help.opera.com\/Windows\/11.50\/de\/cookies.html\">http:\/\/help.opera.com\/Windows\/11.50\/de\/cookies.html<\/a><\/li>\n\n\n\n<li><strong>Google Chrome<\/strong>: <a href=\"http:\/\/support.google.com\/chrome\/bin\/answer.py?hl=de&amp;answer=95647\">http:\/\/support.google.com\/chrome\/bin\/answer.py?hl=de&amp;answer=95647<\/a><\/li>\n<\/ul>\n","protected":false},"excerpt":{"rendered":"<p>Diese Datenschutz- und Cookie-Richtlinie regelt die Verarbeitung personenbezogener Daten, die durch den Zugriff und die Nutzung der Website www.alojamientoslucena.com (im Folgenden \u201edie Website\u201c) erfolgt, die im Besitz von ANTONIO MANCHADO LOPEZ ist, mit NIF: 48872089X und eingetragener Adresse in CAMINO &hellip; <a href=\"https:\/\/alojamientoslucena.com\/de\/datenschutz-und-cookie-richtlinie\/\">Read More<\/a><\/p>\n","protected":false},"author":1,"featured_media":0,"parent":0,"menu_order":0,"comment_status":"closed","ping_status":"closed","template":"","meta":{"footnotes":""},"class_list":["post-2186","page","type-page","status-publish","hentry"],"yoast_head":"<!-- This site is optimized with the Yoast SEO plugin v27.1.1 - https:\/\/yoast.com\/product\/yoast-seo-wordpress\/ -->\n<title>Datenschutz- und Cookie-Richtlinie - Alojamientos Lucena<\/title>\n<meta name=\"robots\" content=\"index, follow, max-snippet:-1, max-image-preview:large, max-video-preview:-1\" \/>\n<link rel=\"canonical\" href=\"https:\/\/alojamientoslucena.com\/de\/datenschutz-und-cookie-richtlinie\/\" \/>\n<meta property=\"og:locale\" content=\"de_DE\" \/>\n<meta property=\"og:type\" content=\"article\" \/>\n<meta property=\"og:title\" content=\"Datenschutz- und Cookie-Richtlinie - Alojamientos Lucena\" \/>\n<meta property=\"og:description\" content=\"Diese Datenschutz- und Cookie-Richtlinie regelt die Verarbeitung personenbezogener Daten, die durch den Zugriff und die Nutzung der Website www.alojamientoslucena.com (im Folgenden \u201edie Website\u201c) erfolgt, die im Besitz von ANTONIO MANCHADO LOPEZ ist, mit NIF: 48872089X und eingetragener Adresse in CAMINO &hellip; Read More\" \/>\n<meta property=\"og:url\" content=\"https:\/\/alojamientoslucena.com\/de\/datenschutz-und-cookie-richtlinie\/\" \/>\n<meta property=\"og:site_name\" content=\"Alojamientos Lucena\" \/>\n<meta property=\"article:modified_time\" content=\"2025-02-02T10:00:32+00:00\" \/>\n<meta name=\"twitter:card\" content=\"summary_large_image\" \/>\n<meta name=\"twitter:label1\" content=\"Gesch\u00e4tzte Lesezeit\" \/>\n\t<meta name=\"twitter:data1\" content=\"5\u00a0Minuten\" \/>\n<script type=\"application\/ld+json\" class=\"yoast-schema-graph\">{\"@context\":\"https:\/\/schema.org\",\"@graph\":[{\"@type\":\"WebPage\",\"@id\":\"https:\/\/alojamientoslucena.com\/de\/datenschutz-und-cookie-richtlinie\/\",\"url\":\"https:\/\/alojamientoslucena.com\/de\/datenschutz-und-cookie-richtlinie\/\",\"name\":\"Datenschutz- und Cookie-Richtlinie - Alojamientos Lucena\",\"isPartOf\":{\"@id\":\"https:\/\/alojamientoslucena.com\/de\/#website\"},\"datePublished\":\"2024-06-25T18:25:26+00:00\",\"dateModified\":\"2025-02-02T10:00:32+00:00\",\"breadcrumb\":{\"@id\":\"https:\/\/alojamientoslucena.com\/de\/datenschutz-und-cookie-richtlinie\/#breadcrumb\"},\"inLanguage\":\"de\",\"potentialAction\":[{\"@type\":\"ReadAction\",\"target\":[\"https:\/\/alojamientoslucena.com\/de\/datenschutz-und-cookie-richtlinie\/\"]}]},{\"@type\":\"BreadcrumbList\",\"@id\":\"https:\/\/alojamientoslucena.com\/de\/datenschutz-und-cookie-richtlinie\/#breadcrumb\",\"itemListElement\":[{\"@type\":\"ListItem\",\"position\":1,\"name\":\"Portada\",\"item\":\"https:\/\/alojamientoslucena.com\/de\/\"},{\"@type\":\"ListItem\",\"position\":2,\"name\":\"Datenschutz- und Cookie-Richtlinie\"}]},{\"@type\":\"WebSite\",\"@id\":\"https:\/\/alojamientoslucena.com\/de\/#website\",\"url\":\"https:\/\/alojamientoslucena.com\/de\/\",\"name\":\"Alojamientos Lucena\",\"description\":\"Apartamento tur\u00edstico en Lucena\",\"publisher\":{\"@id\":\"https:\/\/alojamientoslucena.com\/de\/#organization\"},\"potentialAction\":[{\"@type\":\"SearchAction\",\"target\":{\"@type\":\"EntryPoint\",\"urlTemplate\":\"https:\/\/alojamientoslucena.com\/de\/?s={search_term_string}\"},\"query-input\":{\"@type\":\"PropertyValueSpecification\",\"valueRequired\":true,\"valueName\":\"search_term_string\"}}],\"inLanguage\":\"de\"},{\"@type\":\"Organization\",\"@id\":\"https:\/\/alojamientoslucena.com\/de\/#organization\",\"name\":\"Apartamento tranquilo \\\"El Parque\\\"\",\"url\":\"https:\/\/alojamientoslucena.com\/de\/\",\"logo\":{\"@type\":\"ImageObject\",\"inLanguage\":\"de\",\"@id\":\"https:\/\/alojamientoslucena.com\/de\/#\/schema\/logo\/image\/\",\"url\":\"https:\/\/alojamientoslucena.com\/wp-content\/uploads\/2024\/12\/cropped-logo-parque-transparente-3.png\",\"contentUrl\":\"https:\/\/alojamientoslucena.com\/wp-content\/uploads\/2024\/12\/cropped-logo-parque-transparente-3.png\",\"width\":1038,\"height\":362,\"caption\":\"Apartamento tranquilo \\\"El Parque\\\"\"},\"image\":{\"@id\":\"https:\/\/alojamientoslucena.com\/de\/#\/schema\/logo\/image\/\"}}]}<\/script>\n<!-- \/ Yoast SEO plugin. -->","yoast_head_json":{"title":"Datenschutz- und Cookie-Richtlinie - Alojamientos Lucena","robots":{"index":"index","follow":"follow","max-snippet":"max-snippet:-1","max-image-preview":"max-image-preview:large","max-video-preview":"max-video-preview:-1"},"canonical":"https:\/\/alojamientoslucena.com\/de\/datenschutz-und-cookie-richtlinie\/","og_locale":"de_DE","og_type":"article","og_title":"Datenschutz- und Cookie-Richtlinie - Alojamientos Lucena","og_description":"Diese Datenschutz- und Cookie-Richtlinie regelt die Verarbeitung personenbezogener Daten, die durch den Zugriff und die Nutzung der Website www.alojamientoslucena.com (im Folgenden \u201edie Website\u201c) erfolgt, die im Besitz von ANTONIO MANCHADO LOPEZ ist, mit NIF: 48872089X und eingetragener Adresse in CAMINO &hellip; Read More","og_url":"https:\/\/alojamientoslucena.com\/de\/datenschutz-und-cookie-richtlinie\/","og_site_name":"Alojamientos Lucena","article_modified_time":"2025-02-02T10:00:32+00:00","twitter_card":"summary_large_image","twitter_misc":{"Gesch\u00e4tzte Lesezeit":"5\u00a0Minuten"},"schema":{"@context":"https:\/\/schema.org","@graph":[{"@type":"WebPage","@id":"https:\/\/alojamientoslucena.com\/de\/datenschutz-und-cookie-richtlinie\/","url":"https:\/\/alojamientoslucena.com\/de\/datenschutz-und-cookie-richtlinie\/","name":"Datenschutz- und Cookie-Richtlinie - Alojamientos Lucena","isPartOf":{"@id":"https:\/\/alojamientoslucena.com\/de\/#website"},"datePublished":"2024-06-25T18:25:26+00:00","dateModified":"2025-02-02T10:00:32+00:00","breadcrumb":{"@id":"https:\/\/alojamientoslucena.com\/de\/datenschutz-und-cookie-richtlinie\/#breadcrumb"},"inLanguage":"de","potentialAction":[{"@type":"ReadAction","target":["https:\/\/alojamientoslucena.com\/de\/datenschutz-und-cookie-richtlinie\/"]}]},{"@type":"BreadcrumbList","@id":"https:\/\/alojamientoslucena.com\/de\/datenschutz-und-cookie-richtlinie\/#breadcrumb","itemListElement":[{"@type":"ListItem","position":1,"name":"Portada","item":"https:\/\/alojamientoslucena.com\/de\/"},{"@type":"ListItem","position":2,"name":"Datenschutz- und Cookie-Richtlinie"}]},{"@type":"WebSite","@id":"https:\/\/alojamientoslucena.com\/de\/#website","url":"https:\/\/alojamientoslucena.com\/de\/","name":"Alojamientos Lucena","description":"Apartamento tur\u00edstico en Lucena","publisher":{"@id":"https:\/\/alojamientoslucena.com\/de\/#organization"},"potentialAction":[{"@type":"SearchAction","target":{"@type":"EntryPoint","urlTemplate":"https:\/\/alojamientoslucena.com\/de\/?s={search_term_string}"},"query-input":{"@type":"PropertyValueSpecification","valueRequired":true,"valueName":"search_term_string"}}],"inLanguage":"de"},{"@type":"Organization","@id":"https:\/\/alojamientoslucena.com\/de\/#organization","name":"Apartamento tranquilo \"El Parque\"","url":"https:\/\/alojamientoslucena.com\/de\/","logo":{"@type":"ImageObject","inLanguage":"de","@id":"https:\/\/alojamientoslucena.com\/de\/#\/schema\/logo\/image\/","url":"https:\/\/alojamientoslucena.com\/wp-content\/uploads\/2024\/12\/cropped-logo-parque-transparente-3.png","contentUrl":"https:\/\/alojamientoslucena.com\/wp-content\/uploads\/2024\/12\/cropped-logo-parque-transparente-3.png","width":1038,"height":362,"caption":"Apartamento tranquilo \"El Parque\""},"image":{"@id":"https:\/\/alojamientoslucena.com\/de\/#\/schema\/logo\/image\/"}}]}},"_links":{"self":[{"href":"https:\/\/alojamientoslucena.com\/de\/wp-json\/wp\/v2\/pages\/2186","targetHints":{"allow":["GET"]}}],"collection":[{"href":"https:\/\/alojamientoslucena.com\/de\/wp-json\/wp\/v2\/pages"}],"about":[{"href":"https:\/\/alojamientoslucena.com\/de\/wp-json\/wp\/v2\/types\/page"}],"author":[{"embeddable":true,"href":"https:\/\/alojamientoslucena.com\/de\/wp-json\/wp\/v2\/users\/1"}],"replies":[{"embeddable":true,"href":"https:\/\/alojamientoslucena.com\/de\/wp-json\/wp\/v2\/comments?post=2186"}],"version-history":[{"count":1,"href":"https:\/\/alojamientoslucena.com\/de\/wp-json\/wp\/v2\/pages\/2186\/revisions"}],"predecessor-version":[{"id":2193,"href":"https:\/\/alojamientoslucena.com\/de\/wp-json\/wp\/v2\/pages\/2186\/revisions\/2193"}],"wp:attachment":[{"href":"https:\/\/alojamientoslucena.com\/de\/wp-json\/wp\/v2\/media?parent=2186"}],"curies":[{"name":"wp","href":"https:\/\/api.w.org\/{rel}","templated":true}]}}