{"id":2196,"date":"2025-01-21T17:49:25","date_gmt":"2025-01-21T17:49:25","guid":{"rendered":"https:\/\/alojamientoslucena.com\/aviso-legal\/"},"modified":"2025-02-02T10:21:57","modified_gmt":"2025-02-02T10:21:57","slug":"rechtlicher-hinweis","status":"publish","type":"page","link":"https:\/\/alojamientoslucena.com\/de\/rechtlicher-hinweis\/","title":{"rendered":"Rechtlicher Hinweis"},"content":{"rendered":"\n<p>Durch diesen rechtlichen Hinweis stellt ANTONIO MANCHADO LOPEZ den Nutzern die allgemeinen Informationen zur Verf\u00fcgung, die Anbieter von Diensten der Informationsgesellschaft gem\u00e4\u00df Artikel 10 des Gesetzes 34\/2002 vom 11. Juli \u00fcber Dienste der Informationsgesellschaft und den elektronischen Handel bereitzustellen verpflichtet sind.<\/p>\n\n\n\n<p>Es wird darauf hingewiesen, dass die Website <a href=\"http:\/\/www.alojamientoslucena.com\/\">www.alojamientoslucena.com<\/a> Eigentum von ANTONIO MANCHADO LOPEZ ist, der mit der N.I.F 48872089X rechtm\u00e4\u00dfig registriert ist und dessen Firmensitz sich in CAMINO LA TORCA, S\/N, 14900 LUCENA (C\u00d3RDOBA) befindet. F\u00fcr Kontakt- und Informationszwecke stellt ANTONIO MANCHADO LOPEZ den Nutzern die folgende E-Mail-Adresse zur Verf\u00fcgung: <a href=\"mailto:hola@alojamientoslucena.com\">hola@alojamientoslucena.com<\/a>.<\/p>\n\n\n\n<p>Ziel dieser Website ist es, den Nutzern klare Informationen \u00fcber die von ANTONIO MANCHADO LOPEZ angebotenen Dienstleistungen bereitzustellen.<\/p>\n\n\n\n<h3 class=\"wp-block-heading\">1. ZUGANG ZUR WEBSITE UND ANNAHME DES RECHTLICHEN HINWEISES<\/h3>\n\n\n\n<p>Durch den Zugriff auf diese Website erwerben Sie den Status eines Nutzers und akzeptieren vollumf\u00e4nglich jede in diesem rechtlichen Hinweis enthaltene Bedingung. Ziel dieses Webportals ist es, Ihnen die von der Firma angebotenen Dienstleistungen bereitzustellen. \u00dcber die Website k\u00f6nnen Sie mit uns Kontakt aufnehmen und Informationen anfordern.<\/p>\n\n\n\n<p>Der Nutzer verpflichtet sich, die von ANTONIO MANCHADO LOPEZ angebotenen Dienste und Funktionen gem\u00e4\u00df seinem ethischen Kodex, dem Gesetz, nach Treu und Glauben, der \u00f6ffentlichen Ordnung, den Handelsbr\u00e4uchen und diesem rechtlichen Hinweis zu nutzen. Der Nutzer haftet gegen\u00fcber ANTONIO MANCHADO LOPEZ oder Dritten f\u00fcr Verst\u00f6\u00dfe, die durch Nichteinhaltung dieser Bedingungen entstehen.<\/p>\n\n\n\n<p>Das Einrichten eines Links zu einer anderen Website impliziert in keinem Fall das Bestehen einer Beziehung zwischen ANTONIO MANCHADO LOPEZ und dem Inhaber der verlinkten Website, noch bedeutet es eine Zustimmung oder Billigung ihrer Inhalte oder Dienste durch ANTONIO MANCHADO LOPEZ. Jede Person, die einen Link zu dieser Website erstellen m\u00f6chte, muss vorher die Zustimmung von ANTONIO MANCHADO LOPEZ einholen, der sich das Recht vorbeh\u00e4lt, m\u00f6gliche Sch\u00e4den geltend zu machen, die durch das Setzen eines Links ohne die erforderliche Genehmigung entstehen.<\/p>\n\n\n\n<h3 class=\"wp-block-heading\">2. NUTZUNG DER WEBSITE DURCH BESUCHER<\/h3>\n\n\n\n<p>Der Nutzer muss diesen rechtlichen Hinweis sowie die Datenschutz- und Cookie-Richtlinie bei jeder Nutzung dieser Website sorgf\u00e4ltig lesen, da die Bedingungen jederzeit ge\u00e4ndert werden k\u00f6nnen. Der Nutzer verpflichtet sich au\u00dferdem, die Website und alle ihre Inhalte rechtm\u00e4\u00dfig und angemessen im Einklang mit den geltenden Gesetzen zu nutzen. Der Nutzer verpflichtet sich insbesondere, Folgendes zu unterlassen:<\/p>\n\n\n\n<ul class=\"wp-block-list\">\n<li>Unbefugte oder betr\u00fcgerische Nutzung der Website und\/oder ihrer Inhalte.<\/li>\n\n\n\n<li>Einschleusen oder Verbreiten von Computerviren oder anderen physischen oder logischen Systemen, die Sch\u00e4den an den Systemen des Websiteinhabers, seiner Anbieter oder Dritter verursachen k\u00f6nnen.<\/li>\n\n\n\n<li>Versuch des Zugriffs auf, der Nutzung oder Manipulation der Daten des Websiteinhabers oder der Nutzer.<\/li>\n\n\n\n<li>Entfernung, Verbergen oder Manipulation von Hinweisen auf geistige oder gewerbliche Eigentumsrechte sowie technischer Schutzvorrichtungen.<\/li>\n\n\n\n<li>Kopieren und\/oder Ver\u00f6ffentlichen der Website ohne die ausdr\u00fcckliche schriftliche Genehmigung von ANTONIO MANCHADO LOPEZ.<\/li>\n<\/ul>\n\n\n\n<h3 class=\"wp-block-heading\">3. GEISTIGE UND GEWERBLICHE EIGENTUMSRECHTE<\/h3>\n\n\n\n<p>Gem\u00e4\u00df Artikel 8 und 32.1, zweiter Absatz des Gesetzes \u00fcber geistiges Eigentum ist die Reproduktion und \u00f6ffentliche Kommunikation, einschlie\u00dflich der Bereitstellung, aller oder eines Teils der Inhalte dieser Website zu kommerziellen Zwecken auf jedem Medium und mit jedem technischen Mittel ohne die Genehmigung von ANTONIO MANCHADO LOPEZ ausdr\u00fccklich untersagt. Der Nutzer verpflichtet sich, die geistigen und gewerblichen Eigentumsrechte von ANTONIO MANCHADO LOPEZ zu respektieren.<\/p>\n\n\n\n<p>Die Anzeige, das Drucken, das Kopieren und die Speicherung der Inhalte der Website sind gestattet, sofern sie ausschlie\u00dflich f\u00fcr den pers\u00f6nlichen und privaten Gebrauch bestimmt sind. Der Nutzer verpflichtet sich, keine Schutzvorrichtungen oder Sicherheitssysteme der Website zu entfernen, zu ver\u00e4ndern oder zu manipulieren.<\/p>\n\n\n\n<h3 class=\"wp-block-heading\">4. AUSSCHLUSS VON GARANTIEN UND HAFTUNG. LINKS<\/h3>\n\n\n\n<p>ANTONIO MANCHADO LOPEZ haftet in keinem Fall f\u00fcr Sch\u00e4den, die trotz der getroffenen technischen Ma\u00dfnahmen zur Vermeidung solcher Sch\u00e4den entstehen k\u00f6nnen.<\/p>\n\n\n\n<p>Aufgrund der Existenz von Links und Hyperlinks zu anderen Websites informiert ANTONIO MANCHADO LOPEZ, dass er keinerlei Kontrolle \u00fcber diese Seiten und deren Inhalte aus\u00fcbt. In keinem Fall \u00fcbernimmt er Verantwortung f\u00fcr Inhalte Dritter oder garantiert die Verf\u00fcgbarkeit, Qualit\u00e4t, Richtigkeit oder Gesetzeskonformit\u00e4t der auf diesen Links und anderen Internetseiten enthaltenen Informationen.<\/p>\n\n\n\n<p>Die Aufnahme dieser externen Links impliziert keinerlei Form der Assoziation, Fusion oder Beteiligung mit den Drittunternehmen.<\/p>\n\n\n\n<h3 class=\"wp-block-heading\">5. ANWENDBARES RECHT UND GERICHTSSTAND<\/h3>\n\n\n\n<p>Das f\u00fcr diesen rechtlichen Hinweis geltende Recht ist das spanische Recht, und die f\u00fcr etwaige Streitigkeiten zust\u00e4ndigen Gerichte sind die zust\u00e4ndigen spanischen Gerichte.<\/p>\n\n\n\n<p>ANTONIO MANCHADO LOPEZ wird jeden Versto\u00df gegen diese Bedingungen sowie jede missbr\u00e4uchliche oder fahrl\u00e4ssige Nutzung seiner Website melden und alle ihm zustehenden zivil- und strafrechtlichen Ma\u00dfnahmen ergreifen.<\/p>\n\n\n\n<p>Ebenso behalten sich die Inhaber dieser Website das Recht vor, den Zugang zur Website und\/oder zu den angebotenen Diensten ohne vorherige Ank\u00fcndigung zu verweigern oder zu entziehen, sei es auf eigene Initiative oder auf Antrag eines Dritten, f\u00fcr Nutzer, die gegen diesen rechtlichen Hinweis, die Cookie-Richtlinie oder die Datenschutzrichtlinie versto\u00dfen.<\/p>\n\n\n\n<h3 class=\"wp-block-heading\">6. DATENSCHUTZRICHTLINIE<\/h3>\n\n\n\n<ul class=\"wp-block-list\">\n<li><strong>Verantwortlicher:<\/strong> ANTONIO MANCHADO LOPEZ<\/li>\n\n\n\n<li><strong>Zweck:<\/strong> Bereitstellung der \u00fcber die Website angebotenen Dienstleistungen oder Verwaltung anderer Beziehungen mit ANTONIO MANCHADO LOPEZ aufgrund von Nutzeranfragen, Verfahren oder Transaktionen sowie Verwaltung der Versendung von Informationen und kommerziellen Mitteilungen auf Nutzeranfrage.<\/li>\n\n\n\n<li><strong>Rechtsgrundlage:<\/strong> Verordnung (EU) 2016\/679 des Europ\u00e4ischen Parlaments und des Rates vom 27. April 2016, die ab Mai 2018 verbindlich wurde, und das Organgesetz 3\/2018 vom 5. Dezember \u00fcber den Schutz personenbezogener Daten und die Garantie digitaler Rechte.<\/li>\n\n\n\n<li><strong>Empf\u00e4nger:<\/strong> Internes automatisiertes Archiv von ANTONIO MANCHADO LOPEZ und Dritte f\u00fcr die Entwicklung, Wartung und Kontrolle der rechtlichen Beziehung, sofern der Nutzer dies rechtlich genehmigt hat.<\/li>\n\n\n\n<li><strong>Rechte:<\/strong> Zugang, Berichtigung, L\u00f6schung, Widerspruch und Recht auf Vergessenwerden.<\/li>\n<\/ul>\n","protected":false},"excerpt":{"rendered":"<p>Durch diesen rechtlichen Hinweis stellt ANTONIO MANCHADO LOPEZ den Nutzern die allgemeinen Informationen zur Verf\u00fcgung, die Anbieter von Diensten der Informationsgesellschaft gem\u00e4\u00df Artikel 10 des Gesetzes 34\/2002 vom 11. Juli \u00fcber Dienste der Informationsgesellschaft und den elektronischen Handel bereitzustellen verpflichtet &hellip; <a href=\"https:\/\/alojamientoslucena.com\/de\/rechtlicher-hinweis\/\">Read More<\/a><\/p>\n","protected":false},"author":1,"featured_media":0,"parent":0,"menu_order":0,"comment_status":"closed","ping_status":"closed","template":"","meta":{"footnotes":""},"class_list":["post-2196","page","type-page","status-publish","hentry"],"yoast_head":"<!-- This site is optimized with the Yoast SEO plugin v27.1.1 - https:\/\/yoast.com\/product\/yoast-seo-wordpress\/ -->\n<title>Rechtlicher Hinweis - Alojamientos Lucena<\/title>\n<meta name=\"robots\" content=\"index, follow, max-snippet:-1, max-image-preview:large, max-video-preview:-1\" \/>\n<link rel=\"canonical\" href=\"https:\/\/alojamientoslucena.com\/de\/rechtlicher-hinweis\/\" \/>\n<meta property=\"og:locale\" content=\"de_DE\" \/>\n<meta property=\"og:type\" content=\"article\" \/>\n<meta property=\"og:title\" content=\"Rechtlicher Hinweis - Alojamientos Lucena\" \/>\n<meta property=\"og:description\" content=\"Durch diesen rechtlichen Hinweis stellt ANTONIO MANCHADO LOPEZ den Nutzern die allgemeinen Informationen zur Verf\u00fcgung, die Anbieter von Diensten der Informationsgesellschaft gem\u00e4\u00df Artikel 10 des Gesetzes 34\/2002 vom 11. Juli \u00fcber Dienste der Informationsgesellschaft und den elektronischen Handel bereitzustellen verpflichtet &hellip; Read More\" \/>\n<meta property=\"og:url\" content=\"https:\/\/alojamientoslucena.com\/de\/rechtlicher-hinweis\/\" \/>\n<meta property=\"og:site_name\" content=\"Alojamientos Lucena\" \/>\n<meta property=\"article:modified_time\" content=\"2025-02-02T10:21:57+00:00\" \/>\n<meta name=\"twitter:card\" content=\"summary_large_image\" \/>\n<meta name=\"twitter:label1\" content=\"Gesch\u00e4tzte Lesezeit\" \/>\n\t<meta name=\"twitter:data1\" content=\"4\u00a0Minuten\" \/>\n<script type=\"application\/ld+json\" class=\"yoast-schema-graph\">{\"@context\":\"https:\/\/schema.org\",\"@graph\":[{\"@type\":\"WebPage\",\"@id\":\"https:\/\/alojamientoslucena.com\/de\/rechtlicher-hinweis\/\",\"url\":\"https:\/\/alojamientoslucena.com\/de\/rechtlicher-hinweis\/\",\"name\":\"Rechtlicher Hinweis - Alojamientos Lucena\",\"isPartOf\":{\"@id\":\"https:\/\/alojamientoslucena.com\/de\/#website\"},\"datePublished\":\"2025-01-21T17:49:25+00:00\",\"dateModified\":\"2025-02-02T10:21:57+00:00\",\"breadcrumb\":{\"@id\":\"https:\/\/alojamientoslucena.com\/de\/rechtlicher-hinweis\/#breadcrumb\"},\"inLanguage\":\"de\",\"potentialAction\":[{\"@type\":\"ReadAction\",\"target\":[\"https:\/\/alojamientoslucena.com\/de\/rechtlicher-hinweis\/\"]}]},{\"@type\":\"BreadcrumbList\",\"@id\":\"https:\/\/alojamientoslucena.com\/de\/rechtlicher-hinweis\/#breadcrumb\",\"itemListElement\":[{\"@type\":\"ListItem\",\"position\":1,\"name\":\"Portada\",\"item\":\"https:\/\/alojamientoslucena.com\/de\/\"},{\"@type\":\"ListItem\",\"position\":2,\"name\":\"Rechtlicher Hinweis\"}]},{\"@type\":\"WebSite\",\"@id\":\"https:\/\/alojamientoslucena.com\/de\/#website\",\"url\":\"https:\/\/alojamientoslucena.com\/de\/\",\"name\":\"Alojamientos Lucena\",\"description\":\"Apartamento tur\u00edstico en Lucena\",\"publisher\":{\"@id\":\"https:\/\/alojamientoslucena.com\/de\/#organization\"},\"potentialAction\":[{\"@type\":\"SearchAction\",\"target\":{\"@type\":\"EntryPoint\",\"urlTemplate\":\"https:\/\/alojamientoslucena.com\/de\/?s={search_term_string}\"},\"query-input\":{\"@type\":\"PropertyValueSpecification\",\"valueRequired\":true,\"valueName\":\"search_term_string\"}}],\"inLanguage\":\"de\"},{\"@type\":\"Organization\",\"@id\":\"https:\/\/alojamientoslucena.com\/de\/#organization\",\"name\":\"Apartamento tranquilo \\\"El Parque\\\"\",\"url\":\"https:\/\/alojamientoslucena.com\/de\/\",\"logo\":{\"@type\":\"ImageObject\",\"inLanguage\":\"de\",\"@id\":\"https:\/\/alojamientoslucena.com\/de\/#\/schema\/logo\/image\/\",\"url\":\"https:\/\/alojamientoslucena.com\/wp-content\/uploads\/2024\/12\/cropped-logo-parque-transparente-3.png\",\"contentUrl\":\"https:\/\/alojamientoslucena.com\/wp-content\/uploads\/2024\/12\/cropped-logo-parque-transparente-3.png\",\"width\":1038,\"height\":362,\"caption\":\"Apartamento tranquilo \\\"El Parque\\\"\"},\"image\":{\"@id\":\"https:\/\/alojamientoslucena.com\/de\/#\/schema\/logo\/image\/\"}}]}<\/script>\n<!-- \/ Yoast SEO plugin. -->","yoast_head_json":{"title":"Rechtlicher Hinweis - Alojamientos Lucena","robots":{"index":"index","follow":"follow","max-snippet":"max-snippet:-1","max-image-preview":"max-image-preview:large","max-video-preview":"max-video-preview:-1"},"canonical":"https:\/\/alojamientoslucena.com\/de\/rechtlicher-hinweis\/","og_locale":"de_DE","og_type":"article","og_title":"Rechtlicher Hinweis - Alojamientos Lucena","og_description":"Durch diesen rechtlichen Hinweis stellt ANTONIO MANCHADO LOPEZ den Nutzern die allgemeinen Informationen zur Verf\u00fcgung, die Anbieter von Diensten der Informationsgesellschaft gem\u00e4\u00df Artikel 10 des Gesetzes 34\/2002 vom 11. Juli \u00fcber Dienste der Informationsgesellschaft und den elektronischen Handel bereitzustellen verpflichtet &hellip; Read More","og_url":"https:\/\/alojamientoslucena.com\/de\/rechtlicher-hinweis\/","og_site_name":"Alojamientos Lucena","article_modified_time":"2025-02-02T10:21:57+00:00","twitter_card":"summary_large_image","twitter_misc":{"Gesch\u00e4tzte Lesezeit":"4\u00a0Minuten"},"schema":{"@context":"https:\/\/schema.org","@graph":[{"@type":"WebPage","@id":"https:\/\/alojamientoslucena.com\/de\/rechtlicher-hinweis\/","url":"https:\/\/alojamientoslucena.com\/de\/rechtlicher-hinweis\/","name":"Rechtlicher Hinweis - Alojamientos Lucena","isPartOf":{"@id":"https:\/\/alojamientoslucena.com\/de\/#website"},"datePublished":"2025-01-21T17:49:25+00:00","dateModified":"2025-02-02T10:21:57+00:00","breadcrumb":{"@id":"https:\/\/alojamientoslucena.com\/de\/rechtlicher-hinweis\/#breadcrumb"},"inLanguage":"de","potentialAction":[{"@type":"ReadAction","target":["https:\/\/alojamientoslucena.com\/de\/rechtlicher-hinweis\/"]}]},{"@type":"BreadcrumbList","@id":"https:\/\/alojamientoslucena.com\/de\/rechtlicher-hinweis\/#breadcrumb","itemListElement":[{"@type":"ListItem","position":1,"name":"Portada","item":"https:\/\/alojamientoslucena.com\/de\/"},{"@type":"ListItem","position":2,"name":"Rechtlicher Hinweis"}]},{"@type":"WebSite","@id":"https:\/\/alojamientoslucena.com\/de\/#website","url":"https:\/\/alojamientoslucena.com\/de\/","name":"Alojamientos Lucena","description":"Apartamento tur\u00edstico en Lucena","publisher":{"@id":"https:\/\/alojamientoslucena.com\/de\/#organization"},"potentialAction":[{"@type":"SearchAction","target":{"@type":"EntryPoint","urlTemplate":"https:\/\/alojamientoslucena.com\/de\/?s={search_term_string}"},"query-input":{"@type":"PropertyValueSpecification","valueRequired":true,"valueName":"search_term_string"}}],"inLanguage":"de"},{"@type":"Organization","@id":"https:\/\/alojamientoslucena.com\/de\/#organization","name":"Apartamento tranquilo \"El Parque\"","url":"https:\/\/alojamientoslucena.com\/de\/","logo":{"@type":"ImageObject","inLanguage":"de","@id":"https:\/\/alojamientoslucena.com\/de\/#\/schema\/logo\/image\/","url":"https:\/\/alojamientoslucena.com\/wp-content\/uploads\/2024\/12\/cropped-logo-parque-transparente-3.png","contentUrl":"https:\/\/alojamientoslucena.com\/wp-content\/uploads\/2024\/12\/cropped-logo-parque-transparente-3.png","width":1038,"height":362,"caption":"Apartamento tranquilo \"El Parque\""},"image":{"@id":"https:\/\/alojamientoslucena.com\/de\/#\/schema\/logo\/image\/"}}]}},"_links":{"self":[{"href":"https:\/\/alojamientoslucena.com\/de\/wp-json\/wp\/v2\/pages\/2196","targetHints":{"allow":["GET"]}}],"collection":[{"href":"https:\/\/alojamientoslucena.com\/de\/wp-json\/wp\/v2\/pages"}],"about":[{"href":"https:\/\/alojamientoslucena.com\/de\/wp-json\/wp\/v2\/types\/page"}],"author":[{"embeddable":true,"href":"https:\/\/alojamientoslucena.com\/de\/wp-json\/wp\/v2\/users\/1"}],"replies":[{"embeddable":true,"href":"https:\/\/alojamientoslucena.com\/de\/wp-json\/wp\/v2\/comments?post=2196"}],"version-history":[{"count":1,"href":"https:\/\/alojamientoslucena.com\/de\/wp-json\/wp\/v2\/pages\/2196\/revisions"}],"predecessor-version":[{"id":2200,"href":"https:\/\/alojamientoslucena.com\/de\/wp-json\/wp\/v2\/pages\/2196\/revisions\/2200"}],"wp:attachment":[{"href":"https:\/\/alojamientoslucena.com\/de\/wp-json\/wp\/v2\/media?parent=2196"}],"curies":[{"name":"wp","href":"https:\/\/api.w.org\/{rel}","templated":true}]}}