{"id":2154,"date":"2025-01-02T17:21:47","date_gmt":"2025-01-02T17:21:47","guid":{"rendered":"https:\/\/alojamientoslucena.com\/reglement-interieur\/"},"modified":"2025-02-01T19:20:37","modified_gmt":"2025-02-01T19:20:37","slug":"reglement-interieur","status":"publish","type":"page","link":"https:\/\/alojamientoslucena.com\/fr\/reglement-interieur\/","title":{"rendered":"R\u00e8glement int\u00e9rieur"},"content":{"rendered":"\t\t<div data-elementor-type=\"wp-page\" data-elementor-id=\"2154\" class=\"elementor elementor-2154 elementor-1046\" data-elementor-post-type=\"page\">\n\t\t\t\t\t\t<section class=\"elementor-section elementor-top-section elementor-element elementor-element-8744f10 elementor-section-full_width elementor-section-height-default elementor-section-height-default\" data-id=\"8744f10\" data-element_type=\"section\" data-e-type=\"section\" data-settings=\"{&quot;background_background&quot;:&quot;classic&quot;}\">\n\t\t\t\t\t\t<div class=\"elementor-container elementor-column-gap-no\">\n\t\t\t\t\t<div class=\"elementor-column elementor-col-50 elementor-top-column elementor-element elementor-element-67d57b14\" data-id=\"67d57b14\" data-element_type=\"column\" data-e-type=\"column\" data-settings=\"{&quot;background_background&quot;:&quot;classic&quot;}\">\n\t\t\t<div class=\"elementor-widget-wrap elementor-element-populated\">\n\t\t\t\t\t\t<div class=\"elementor-element elementor-element-3badc733 elementor-widget__width-initial elementor-widget-tablet__width-inherit elementor-widget-mobile__width-inherit elementor-view-default elementor-position-top elementor-widget elementor-widget-themo-header\" data-id=\"3badc733\" data-element_type=\"widget\" data-e-type=\"widget\" data-widget_type=\"themo-header.default\">\n\t\t\t\t<div class=\"elementor-widget-container\">\n\t\t\t\t\t\t\t<div class=\"th-header-wrap\">\n        <div class=\"elementor-icon-box-wrapper \">\n                            <div class=\"elementor-icon-box-content\">\n                    <h1 class=\"elementor-icon-box-title\">\n                        R\u00e8glement int\u00e9rieur                    <\/h1>\n                                        <p class=\"elementor-icon-box-description\"><\/p>\n\n                                    <\/div>\n            <\/div>\n\n        <\/div>\n\n\t\t\t\t\t\t<\/div>\n\t\t\t\t<\/div>\n\t\t\t\t<div class=\"elementor-element elementor-element-75983e7e elementor-widget__width-initial elementor-hidden-mobile elementor-widget-tablet__width-inherit elementor-hidden-tablet elementor-widget elementor-widget-image\" data-id=\"75983e7e\" data-element_type=\"widget\" data-e-type=\"widget\" data-widget_type=\"image.default\">\n\t\t\t\t<div class=\"elementor-widget-container\">\n\t\t\t\t\t\t\t\t\t\t\t\t\t\t\t<img fetchpriority=\"high\" decoding=\"async\" width=\"1047\" height=\"363\" src=\"https:\/\/alojamientoslucena.com\/wp-content\/uploads\/2024\/12\/cropped-logo-parque-transparente-2.png\" class=\"attachment-full size-full wp-image-1797\" alt=\"\" srcset=\"https:\/\/alojamientoslucena.com\/wp-content\/uploads\/2024\/12\/cropped-logo-parque-transparente-2.png 1047w, https:\/\/alojamientoslucena.com\/wp-content\/uploads\/2024\/12\/cropped-logo-parque-transparente-2-300x104.png 300w, https:\/\/alojamientoslucena.com\/wp-content\/uploads\/2024\/12\/cropped-logo-parque-transparente-2-1024x355.png 1024w, https:\/\/alojamientoslucena.com\/wp-content\/uploads\/2024\/12\/cropped-logo-parque-transparente-2-768x266.png 768w, https:\/\/alojamientoslucena.com\/wp-content\/uploads\/2024\/12\/cropped-logo-parque-transparente-2-231x80.png 231w, https:\/\/alojamientoslucena.com\/wp-content\/uploads\/2024\/12\/cropped-logo-parque-transparente-2-394x137.png 394w, https:\/\/alojamientoslucena.com\/wp-content\/uploads\/2024\/12\/cropped-logo-parque-transparente-2-915x317.png 915w, https:\/\/alojamientoslucena.com\/wp-content\/uploads\/2024\/12\/cropped-logo-parque-transparente-2-288x100.png 288w\" sizes=\"(max-width: 1047px) 100vw, 1047px\" \/>\t\t\t\t\t\t\t\t\t\t\t\t\t\t\t<\/div>\n\t\t\t\t<\/div>\n\t\t\t\t\t<\/div>\n\t\t<\/div>\n\t\t\t\t<div class=\"elementor-column elementor-col-50 elementor-top-column elementor-element elementor-element-3b8869b1 elementor-hidden-phone\" data-id=\"3b8869b1\" data-element_type=\"column\" data-e-type=\"column\" data-settings=\"{&quot;background_background&quot;:&quot;classic&quot;}\">\n\t\t\t<div class=\"elementor-widget-wrap elementor-element-populated\">\n\t\t\t\t\t\t\t<\/div>\n\t\t<\/div>\n\t\t\t\t\t<\/div>\n\t\t<\/section>\n\t\t\t\t<section class=\"elementor-section elementor-top-section elementor-element elementor-element-33281266 elementor-section-content-middle elementor-section-boxed elementor-section-height-default elementor-section-height-default\" data-id=\"33281266\" data-element_type=\"section\" data-e-type=\"section\">\n\t\t\t\t\t\t<div class=\"elementor-container elementor-column-gap-default\">\n\t\t\t\t\t<div class=\"elementor-column elementor-col-100 elementor-top-column elementor-element elementor-element-28b1bb1f\" data-id=\"28b1bb1f\" data-element_type=\"column\" data-e-type=\"column\">\n\t\t\t<div class=\"elementor-widget-wrap elementor-element-populated\">\n\t\t\t\t\t\t<div class=\"elementor-element elementor-element-2f66f3b elementor-view-default elementor-position-top elementor-widget elementor-widget-themo-header\" data-id=\"2f66f3b\" data-element_type=\"widget\" data-e-type=\"widget\" data-widget_type=\"themo-header.default\">\n\t\t\t\t<div class=\"elementor-widget-container\">\n\t\t\t\t\t\t\t<div class=\"th-header-wrap\">\n        <div class=\"elementor-icon-box-wrapper th-show-icon\">\n                            <div class=\"elementor-icon-box-icon th-icon-size-md\">\n                    <span class=\"elementor-icon \">\n                        <i aria-hidden=\"true\" class=\"far fa-bell\"><\/i>                    <\/span>\n                <\/div>\n                                <div class=\"elementor-icon-box-content\">\n                    <h2 class=\"elementor-icon-box-title\">\n                        Bienvenue ! Profitez de votre maison temporaire et prenez-en soin                     <\/h2>\n                                            <span class=\"th-header-divider\"><\/span>\n                                        <p class=\"elementor-icon-box-description\"><\/p>\n\n                                    <\/div>\n            <\/div>\n\n        <\/div>\n\n\t\t\t\t\t\t<\/div>\n\t\t\t\t<\/div>\n\t\t\t\t\t<\/div>\n\t\t<\/div>\n\t\t\t\t\t<\/div>\n\t\t<\/section>\n\t\t\t\t<section class=\"elementor-section elementor-top-section elementor-element elementor-element-1edb3a89 elementor-section-content-middle elementor-section-boxed elementor-section-height-default elementor-section-height-default\" data-id=\"1edb3a89\" data-element_type=\"section\" data-e-type=\"section\">\n\t\t\t\t\t\t<div class=\"elementor-container elementor-column-gap-default\">\n\t\t\t\t\t<div class=\"elementor-column elementor-col-100 elementor-top-column elementor-element elementor-element-1fdf2662\" data-id=\"1fdf2662\" data-element_type=\"column\" data-e-type=\"column\">\n\t\t\t<div class=\"elementor-widget-wrap elementor-element-populated\">\n\t\t\t\t\t\t<div class=\"elementor-element elementor-element-757678fc elementor-widget elementor-widget-text-editor\" data-id=\"757678fc\" data-element_type=\"widget\" data-e-type=\"widget\" data-widget_type=\"text-editor.default\">\n\t\t\t\t<div class=\"elementor-widget-container\">\n\t\t\t\t\t\t\t\t\t<p><strong>Index<\/strong><\/p>\n<ol>\n<li>Pr\u00e9sentation<\/li>\n<li>Conditions d&rsquo;admission<\/li>\n<li>Conditions de vie et de travail<\/li>\n<li>Informations sur l&rsquo;organisation administrative et la personne responsable<\/li>\n<li>Liste des services compl\u00e9mentaires<\/li>\n<li>Informations sur les installations et les services<\/li>\n<li>Informations sur la politique de confidentialit\u00e9\n<\/li>\n<\/ol>\n<hr>\n<p><strong><br \/>1. Pr\u00e9sentation<\/strong><\/p>\n<p>Nous vous remercions d&rsquo;avoir choisi notre appartement pour votre s\u00e9jour \u00e0 Lucena. Ce r\u00e8glement vise \u00e0 assurer une coexistence harmonieuse et une utilisation correcte des installations, en favorisant une exp\u00e9rience confortable et agr\u00e9able pour tous les h\u00f4tes. <\/p>\n<p><strong>Num\u00e9ro de licence:<\/strong> VFT\/CO\/03460<\/p>\n<p>Ce r\u00e8glement doit \u00eatre respect\u00e9 pendant le s\u00e9jour. Les r\u00e8gles d\u00e9taill\u00e9es ici sont conformes aux dispositions de l&rsquo;article 25 du d\u00e9cret 13\/2020 du 18 mai et de la loi 13\/2011 du 23 d\u00e9cembre. <\/p>\n<hr>\n<p><strong><br \/>2. L&rsquo;\u00e9ligibilit\u00e9<\/strong><\/p>\n<ul>\n<li>Une pi\u00e8ce d&rsquo;identit\u00e9 valide sera demand\u00e9e \u00e0 tous les clients lors de l&rsquo;enregistrement.<\/li>\n<li>L&rsquo;appartement peut accueillir 4 personnes dans deux chambres : l&rsquo;une avec deux lits simples et l&rsquo;autre avec un lit double.<\/li>\n<li>Une carte de cr\u00e9dit peut \u00eatre exig\u00e9e comme garantie. En cas de d\u00e9g\u00e2ts ou de dommages pendant le s\u00e9jour, les frais correspondants seront factur\u00e9s. <\/li>\n<\/ul>\n<p><strong>Check-in et Check-out<\/strong><\/p>\n<ul>\n<li><strong>Check-in<\/strong>: \u00e0 partir de 15 h.<\/li>\n<li><strong>Check-out<\/strong> : avant 11h.<\/li>\n<li>Veuillez respecter ces horaires afin que nous puissions pr\u00e9parer correctement le logement pour les prochains clients.\n<\/li>\n<\/ul>\n<hr>\n<p><strong><br \/>3. Conditions de vie et de travail<\/strong><\/p>\n<p><strong>Interdictions et actions interdites :<\/strong><\/p>\n<ul>\n<li>Fumer \u00e0 l&rsquo;int\u00e9rieur de l&rsquo;appartement.<\/li>\n<li>Bruit excessif, surtout entre 22h et 08h.<\/li>\n<li>Accrocher des v\u00eatements aux balcons, aux fen\u00eatres ou aux endroits visibles de l&rsquo;ext\u00e9rieur.<\/li>\n<li>D\u00e9tenir des animaux domestiques, sauf autorisation expresse.<\/li>\n<li>Organiser des f\u00eates, des \u00e9v\u00e9nements ou des r\u00e9unions.<\/li>\n<\/ul>\n<p><strong>Obligations et devoirs :<\/strong><\/p>\n<ul>\n<li>Traiter les meubles et les accessoires avec soin.<\/li>\n<li>Signaler tout incident ou dysfonctionnement d\u00e9tect\u00e9 pendant le s\u00e9jour.<\/li>\n<li>Maintenir les parties communes propres et bien rang\u00e9es.<\/li>\n<li>Respecter le nombre maximum de personnes indiqu\u00e9 dans la r\u00e9servation.\n<\/li>\n<\/ul>\n<hr>\n<p><strong><br \/>4. Informations sur l&rsquo;organisation administrative et la personne responsable<\/strong><\/p>\n<p>Pour toute question ou incident durant votre s\u00e9jour, vous pouvez nous contacter par t\u00e9l\u00e9phone ou par l&rsquo;e-mail indiqu\u00e9 dans votre confirmation de r\u00e9servation. Nous nous engageons \u00e0 r\u00e9pondre \u00e0 vos demandes dans les plus brefs d\u00e9lais. Vous pouvez contacter directement Toni au +34 652 616 548 pour toute question ou probl\u00e8me.  <\/p>\n<hr>\n<p><strong><br \/>5. Liste des services compl\u00e9mentaires<\/strong><\/p>\n<ul>\n<li><strong>Wi-Fi gratuit<\/strong> : Le mot de passe est disponible \u00e0 l&rsquo;int\u00e9rieur du logement.<\/li>\n<li><strong>Parking <\/strong>: disponible dans la rue, sous r\u00e9serve de disponibilit\u00e9.<\/li>\n<li>Aucun service de restauration, de gymnastique ou de blanchisserie n&rsquo;est propos\u00e9, mais nous serons heureux de vous fournir des recommandations locales.<\/li>\n<li>Des informations touristiques et des suggestions sont propos\u00e9es pour enrichir votre exp\u00e9rience.\n<\/li>\n<\/ul>\n<hr>\n<p><strong><br \/>6. Informations sur les installations et les services<\/strong><\/p>\n<ul>\n<li><strong>Serrure intelligente<\/strong> : Utilis\u00e9e pour l&rsquo;enregistrement initial. Une fois \u00e0 l&rsquo;int\u00e9rieur, vous trouverez les cl\u00e9s physiques sur le porte-cl\u00e9s situ\u00e9 dans la cuisine, que vous devrez utiliser pendant votre s\u00e9jour. <\/li>\n<li><strong>Durabilit\u00e9 <\/strong>: Veuillez \u00e9teindre les lumi\u00e8res et les appareils lorsque vous ne les utilisez pas. Fermez les portes et les fen\u00eatres lorsque vous quittez les lieux afin d&rsquo;\u00e9conomiser l&rsquo;\u00e9nergie et d&rsquo;assurer la s\u00e9curit\u00e9. <\/li>\n<li><strong>Situation <\/strong>: 5 minutes \u00e0 pied du centre de Lucena et 1 minute de la gare routi\u00e8re.<\/li>\n<\/ul>\n<p><strong>Avant de partir :<\/strong><\/p>\n<ul>\n<li>Assurez-vous que tout est \u00e9teint et verrouill\u00e9.<\/li>\n<li>Laissez les cl\u00e9s \u00e0 l&rsquo;int\u00e9rieur et fermez la porte en sortant.\n<\/li>\n<\/ul>\n<hr>\n<p><strong><br \/>7. Informations sur la politique de protection de la vie priv\u00e9e<\/strong><\/p>\n<p>Conform\u00e9ment \u00e0 la Loi Organique 15\/1999 sur la Protection des Donn\u00e9es et au RD 1720\/2007, les donn\u00e9es personnelles collect\u00e9es seront utilis\u00e9es exclusivement pour g\u00e9rer votre r\u00e9servation. Vous pouvez exercer vos droits d&rsquo;acc\u00e8s, de rectification, d&rsquo;annulation et d&rsquo;opposition en envoyant une demande \u00e0 l&rsquo;adresse \u00e9lectronique indiqu\u00e9e dans votre confirmation de r\u00e9servation. <\/p>\n<hr>\n<p><strong><br \/>Merci beaucoup d&rsquo;avoir choisi notre logement !<\/strong><br \/><strong>Nous vous souhaitons un s\u00e9jour confortable et m\u00e9morable.<\/strong><\/p>\n\t\t\t\t\t\t\t\t<\/div>\n\t\t\t\t<\/div>\n\t\t\t\t\t<\/div>\n\t\t<\/div>\n\t\t\t\t\t<\/div>\n\t\t<\/section>\n\t\t\t\t<\/div>\n\t\t","protected":false},"excerpt":{"rendered":"<p>R\u00e8glement int\u00e9rieur Bienvenue ! Profitez de votre maison temporaire et prenez-en soin Index Pr\u00e9sentation Conditions d&rsquo;admission Conditions de vie et de travail Informations sur l&rsquo;organisation administrative et la personne responsable Liste des services compl\u00e9mentaires Informations sur les installations et les &hellip; <a href=\"https:\/\/alojamientoslucena.com\/fr\/reglement-interieur\/\">Read More<\/a><\/p>\n","protected":false},"author":1,"featured_media":0,"parent":0,"menu_order":3,"comment_status":"closed","ping_status":"closed","template":"","meta":{"footnotes":""},"class_list":["post-2154","page","type-page","status-publish","hentry"],"yoast_head":"<!-- This site is optimized with the Yoast SEO plugin v27.1.1 - https:\/\/yoast.com\/product\/yoast-seo-wordpress\/ -->\n<title>R\u00e8glement int\u00e9rieur - Alojamientos Lucena<\/title>\n<meta name=\"robots\" content=\"index, follow, max-snippet:-1, max-image-preview:large, max-video-preview:-1\" \/>\n<link rel=\"canonical\" href=\"https:\/\/alojamientoslucena.com\/fr\/reglement-interieur\/\" \/>\n<meta property=\"og:locale\" content=\"fr_FR\" \/>\n<meta property=\"og:type\" content=\"article\" \/>\n<meta property=\"og:title\" content=\"R\u00e8glement int\u00e9rieur - Alojamientos Lucena\" \/>\n<meta property=\"og:description\" content=\"R\u00e8glement int\u00e9rieur Bienvenue ! Profitez de votre maison temporaire et prenez-en soin Index Pr\u00e9sentation Conditions d&rsquo;admission Conditions de vie et de travail Informations sur l&rsquo;organisation administrative et la personne responsable Liste des services compl\u00e9mentaires Informations sur les installations et les &hellip; Read More\" \/>\n<meta property=\"og:url\" content=\"https:\/\/alojamientoslucena.com\/fr\/reglement-interieur\/\" \/>\n<meta property=\"og:site_name\" content=\"Alojamientos Lucena\" \/>\n<meta property=\"article:modified_time\" content=\"2025-02-01T19:20:37+00:00\" \/>\n<meta property=\"og:image\" content=\"https:\/\/alojamientoslucena.com\/wp-content\/uploads\/2024\/12\/cropped-logo-parque-transparente-2.png\" \/>\n\t<meta property=\"og:image:width\" content=\"1047\" \/>\n\t<meta property=\"og:image:height\" content=\"363\" \/>\n\t<meta property=\"og:image:type\" content=\"image\/png\" \/>\n<meta name=\"twitter:card\" content=\"summary_large_image\" \/>\n<meta name=\"twitter:label1\" content=\"Dur\u00e9e de lecture estim\u00e9e\" \/>\n\t<meta name=\"twitter:data1\" content=\"3 minutes\" \/>\n<script type=\"application\/ld+json\" class=\"yoast-schema-graph\">{\"@context\":\"https:\/\/schema.org\",\"@graph\":[{\"@type\":\"WebPage\",\"@id\":\"https:\/\/alojamientoslucena.com\/fr\/reglement-interieur\/\",\"url\":\"https:\/\/alojamientoslucena.com\/fr\/reglement-interieur\/\",\"name\":\"R\u00e8glement int\u00e9rieur - Alojamientos Lucena\",\"isPartOf\":{\"@id\":\"https:\/\/alojamientoslucena.com\/fr\/#website\"},\"primaryImageOfPage\":{\"@id\":\"https:\/\/alojamientoslucena.com\/fr\/reglement-interieur\/#primaryimage\"},\"image\":{\"@id\":\"https:\/\/alojamientoslucena.com\/fr\/reglement-interieur\/#primaryimage\"},\"thumbnailUrl\":\"https:\/\/alojamientoslucena.com\/wp-content\/uploads\/2024\/12\/cropped-logo-parque-transparente-2.png\",\"datePublished\":\"2025-01-02T17:21:47+00:00\",\"dateModified\":\"2025-02-01T19:20:37+00:00\",\"breadcrumb\":{\"@id\":\"https:\/\/alojamientoslucena.com\/fr\/reglement-interieur\/#breadcrumb\"},\"inLanguage\":\"fr-FR\",\"potentialAction\":[{\"@type\":\"ReadAction\",\"target\":[\"https:\/\/alojamientoslucena.com\/fr\/reglement-interieur\/\"]}]},{\"@type\":\"ImageObject\",\"inLanguage\":\"fr-FR\",\"@id\":\"https:\/\/alojamientoslucena.com\/fr\/reglement-interieur\/#primaryimage\",\"url\":\"https:\/\/alojamientoslucena.com\/wp-content\/uploads\/2024\/12\/cropped-logo-parque-transparente-2.png\",\"contentUrl\":\"https:\/\/alojamientoslucena.com\/wp-content\/uploads\/2024\/12\/cropped-logo-parque-transparente-2.png\"},{\"@type\":\"BreadcrumbList\",\"@id\":\"https:\/\/alojamientoslucena.com\/fr\/reglement-interieur\/#breadcrumb\",\"itemListElement\":[{\"@type\":\"ListItem\",\"position\":1,\"name\":\"Portada\",\"item\":\"https:\/\/alojamientoslucena.com\/fr\/appartement-calme-el-parque\/\"},{\"@type\":\"ListItem\",\"position\":2,\"name\":\"R\u00e8glement int\u00e9rieur\"}]},{\"@type\":\"WebSite\",\"@id\":\"https:\/\/alojamientoslucena.com\/fr\/#website\",\"url\":\"https:\/\/alojamientoslucena.com\/fr\/\",\"name\":\"Alojamientos Lucena\",\"description\":\"Apartamento tur\u00edstico en Lucena\",\"publisher\":{\"@id\":\"https:\/\/alojamientoslucena.com\/fr\/#organization\"},\"potentialAction\":[{\"@type\":\"SearchAction\",\"target\":{\"@type\":\"EntryPoint\",\"urlTemplate\":\"https:\/\/alojamientoslucena.com\/fr\/?s={search_term_string}\"},\"query-input\":{\"@type\":\"PropertyValueSpecification\",\"valueRequired\":true,\"valueName\":\"search_term_string\"}}],\"inLanguage\":\"fr-FR\"},{\"@type\":\"Organization\",\"@id\":\"https:\/\/alojamientoslucena.com\/fr\/#organization\",\"name\":\"Apartamento tranquilo \\\"El Parque\\\"\",\"url\":\"https:\/\/alojamientoslucena.com\/fr\/\",\"logo\":{\"@type\":\"ImageObject\",\"inLanguage\":\"fr-FR\",\"@id\":\"https:\/\/alojamientoslucena.com\/fr\/#\/schema\/logo\/image\/\",\"url\":\"https:\/\/alojamientoslucena.com\/wp-content\/uploads\/2024\/12\/cropped-logo-parque-transparente-3.png\",\"contentUrl\":\"https:\/\/alojamientoslucena.com\/wp-content\/uploads\/2024\/12\/cropped-logo-parque-transparente-3.png\",\"width\":1038,\"height\":362,\"caption\":\"Apartamento tranquilo \\\"El Parque\\\"\"},\"image\":{\"@id\":\"https:\/\/alojamientoslucena.com\/fr\/#\/schema\/logo\/image\/\"}}]}<\/script>\n<!-- \/ Yoast SEO plugin. -->","yoast_head_json":{"title":"R\u00e8glement int\u00e9rieur - Alojamientos Lucena","robots":{"index":"index","follow":"follow","max-snippet":"max-snippet:-1","max-image-preview":"max-image-preview:large","max-video-preview":"max-video-preview:-1"},"canonical":"https:\/\/alojamientoslucena.com\/fr\/reglement-interieur\/","og_locale":"fr_FR","og_type":"article","og_title":"R\u00e8glement int\u00e9rieur - Alojamientos Lucena","og_description":"R\u00e8glement int\u00e9rieur Bienvenue ! Profitez de votre maison temporaire et prenez-en soin Index Pr\u00e9sentation Conditions d&rsquo;admission Conditions de vie et de travail Informations sur l&rsquo;organisation administrative et la personne responsable Liste des services compl\u00e9mentaires Informations sur les installations et les &hellip; Read More","og_url":"https:\/\/alojamientoslucena.com\/fr\/reglement-interieur\/","og_site_name":"Alojamientos Lucena","article_modified_time":"2025-02-01T19:20:37+00:00","og_image":[{"width":1047,"height":363,"url":"https:\/\/alojamientoslucena.com\/wp-content\/uploads\/2024\/12\/cropped-logo-parque-transparente-2.png","type":"image\/png"}],"twitter_card":"summary_large_image","twitter_misc":{"Dur\u00e9e de lecture estim\u00e9e":"3 minutes"},"schema":{"@context":"https:\/\/schema.org","@graph":[{"@type":"WebPage","@id":"https:\/\/alojamientoslucena.com\/fr\/reglement-interieur\/","url":"https:\/\/alojamientoslucena.com\/fr\/reglement-interieur\/","name":"R\u00e8glement int\u00e9rieur - Alojamientos Lucena","isPartOf":{"@id":"https:\/\/alojamientoslucena.com\/fr\/#website"},"primaryImageOfPage":{"@id":"https:\/\/alojamientoslucena.com\/fr\/reglement-interieur\/#primaryimage"},"image":{"@id":"https:\/\/alojamientoslucena.com\/fr\/reglement-interieur\/#primaryimage"},"thumbnailUrl":"https:\/\/alojamientoslucena.com\/wp-content\/uploads\/2024\/12\/cropped-logo-parque-transparente-2.png","datePublished":"2025-01-02T17:21:47+00:00","dateModified":"2025-02-01T19:20:37+00:00","breadcrumb":{"@id":"https:\/\/alojamientoslucena.com\/fr\/reglement-interieur\/#breadcrumb"},"inLanguage":"fr-FR","potentialAction":[{"@type":"ReadAction","target":["https:\/\/alojamientoslucena.com\/fr\/reglement-interieur\/"]}]},{"@type":"ImageObject","inLanguage":"fr-FR","@id":"https:\/\/alojamientoslucena.com\/fr\/reglement-interieur\/#primaryimage","url":"https:\/\/alojamientoslucena.com\/wp-content\/uploads\/2024\/12\/cropped-logo-parque-transparente-2.png","contentUrl":"https:\/\/alojamientoslucena.com\/wp-content\/uploads\/2024\/12\/cropped-logo-parque-transparente-2.png"},{"@type":"BreadcrumbList","@id":"https:\/\/alojamientoslucena.com\/fr\/reglement-interieur\/#breadcrumb","itemListElement":[{"@type":"ListItem","position":1,"name":"Portada","item":"https:\/\/alojamientoslucena.com\/fr\/appartement-calme-el-parque\/"},{"@type":"ListItem","position":2,"name":"R\u00e8glement int\u00e9rieur"}]},{"@type":"WebSite","@id":"https:\/\/alojamientoslucena.com\/fr\/#website","url":"https:\/\/alojamientoslucena.com\/fr\/","name":"Alojamientos Lucena","description":"Apartamento tur\u00edstico en Lucena","publisher":{"@id":"https:\/\/alojamientoslucena.com\/fr\/#organization"},"potentialAction":[{"@type":"SearchAction","target":{"@type":"EntryPoint","urlTemplate":"https:\/\/alojamientoslucena.com\/fr\/?s={search_term_string}"},"query-input":{"@type":"PropertyValueSpecification","valueRequired":true,"valueName":"search_term_string"}}],"inLanguage":"fr-FR"},{"@type":"Organization","@id":"https:\/\/alojamientoslucena.com\/fr\/#organization","name":"Apartamento tranquilo \"El Parque\"","url":"https:\/\/alojamientoslucena.com\/fr\/","logo":{"@type":"ImageObject","inLanguage":"fr-FR","@id":"https:\/\/alojamientoslucena.com\/fr\/#\/schema\/logo\/image\/","url":"https:\/\/alojamientoslucena.com\/wp-content\/uploads\/2024\/12\/cropped-logo-parque-transparente-3.png","contentUrl":"https:\/\/alojamientoslucena.com\/wp-content\/uploads\/2024\/12\/cropped-logo-parque-transparente-3.png","width":1038,"height":362,"caption":"Apartamento tranquilo \"El Parque\""},"image":{"@id":"https:\/\/alojamientoslucena.com\/fr\/#\/schema\/logo\/image\/"}}]}},"_links":{"self":[{"href":"https:\/\/alojamientoslucena.com\/fr\/wp-json\/wp\/v2\/pages\/2154","targetHints":{"allow":["GET"]}}],"collection":[{"href":"https:\/\/alojamientoslucena.com\/fr\/wp-json\/wp\/v2\/pages"}],"about":[{"href":"https:\/\/alojamientoslucena.com\/fr\/wp-json\/wp\/v2\/types\/page"}],"author":[{"embeddable":true,"href":"https:\/\/alojamientoslucena.com\/fr\/wp-json\/wp\/v2\/users\/1"}],"replies":[{"embeddable":true,"href":"https:\/\/alojamientoslucena.com\/fr\/wp-json\/wp\/v2\/comments?post=2154"}],"version-history":[{"count":1,"href":"https:\/\/alojamientoslucena.com\/fr\/wp-json\/wp\/v2\/pages\/2154\/revisions"}],"predecessor-version":[{"id":2155,"href":"https:\/\/alojamientoslucena.com\/fr\/wp-json\/wp\/v2\/pages\/2154\/revisions\/2155"}],"wp:attachment":[{"href":"https:\/\/alojamientoslucena.com\/fr\/wp-json\/wp\/v2\/media?parent=2154"}],"curies":[{"name":"wp","href":"https:\/\/api.w.org\/{rel}","templated":true}]}}