{"id":2195,"date":"2025-01-21T17:49:25","date_gmt":"2025-01-21T17:49:25","guid":{"rendered":"https:\/\/alojamientoslucena.com\/aviso-legal\/"},"modified":"2025-02-02T10:19:54","modified_gmt":"2025-02-02T10:19:54","slug":"mention-legale","status":"publish","type":"page","link":"https:\/\/alojamientoslucena.com\/fr\/mention-legale\/","title":{"rendered":"Mention L\u00e9gale"},"content":{"rendered":"\n<p><strong>Mentions L\u00e9gales<\/strong><\/p>\n\n\n\n<p>\u00c0 travers cette Mention L\u00e9gale, ANTONIO MANCHADO LOPEZ met \u00e0 la disposition des utilisateurs les informations g\u00e9n\u00e9rales que les prestataires de services de la soci\u00e9t\u00e9 de l&rsquo;information sont tenus de fournir, conform\u00e9ment \u00e0 l&rsquo;article 10 de la Loi 34\/2002 du 11 juillet sur les Services de la Soci\u00e9t\u00e9 de l&rsquo;Information et du Commerce \u00c9lectronique.<\/p>\n\n\n\n<p>Il est pr\u00e9cis\u00e9 que le site web <a href=\"http:\/\/www.alojamientoslucena.com\/\">www.alojamientoslucena.com<\/a> est la propri\u00e9t\u00e9 de ANTONIO MANCHADO LOPEZ, l\u00e9galement enregistr\u00e9 avec le N.I.F 48872089X et dont le si\u00e8ge social est situ\u00e9 \u00e0 CAMINO LA TORCA, S\/N, 14900 LUCENA (C\u00d3RDOBA). Pour tout contact et information, ANTONIO MANCHADO LOPEZ met \u00e0 la disposition des utilisateurs l&rsquo;adresse e-mail suivante : <a href=\"mailto:hola@alojamientoslucena.com\">hola@alojamientoslucena.com<\/a>.<\/p>\n\n\n\n<p>L\u2019objectif de ce site web est de fournir aux utilisateurs des informations claires sur les services offerts par ANTONIO MANCHADO LOPEZ.<\/p>\n\n\n\n<h3 class=\"wp-block-heading\">1. ACC\u00c8S AU SITE WEB ET ACCEPTATION DES MENTIONS L\u00c9GALES<\/h3>\n\n\n\n<p>En acc\u00e9dant \u00e0 ce site web, vous obtenez le statut d\u2019utilisateur et acceptez pleinement chacune des conditions contenues dans cette Mention L\u00e9gale. L\u2019objectif de ce portail web est de mettre \u00e0 votre disposition les services propos\u00e9s par l\u2019entreprise ; via le site web, vous pouvez nous contacter et demander des informations.<\/p>\n\n\n\n<p>L&rsquo;utilisateur s&rsquo;engage \u00e0 utiliser les services et les fonctionnalit\u00e9s offerts par ANTONIO MANCHADO LOPEZ conform\u00e9ment \u00e0 son code \u00e9thique, \u00e0 la loi, \u00e0 la bonne foi, \u00e0 l&rsquo;ordre public, aux usages commerciaux et aux pr\u00e9sentes Mentions L\u00e9gales. L&rsquo;utilisateur sera responsable, vis-\u00e0-vis d\u2019ANTONIO MANCHADO LOPEZ ou de tiers, de toute violation qui pourrait d\u00e9couler du non-respect de ces obligations.<\/p>\n\n\n\n<p>L&rsquo;\u00e9tablissement d&rsquo;un lien vers un autre site web n&rsquo;implique en aucun cas l&rsquo;existence d&rsquo;une relation entre ANTONIO MANCHADO LOPEZ et le propri\u00e9taire du site web concern\u00e9, ni l&rsquo;acceptation ou l&rsquo;approbation de son contenu ou de ses services par ANTONIO MANCHADO LOPEZ. Toute personne souhaitant \u00e9tablir un lien vers ce site web doit obtenir l\u2019autorisation pr\u00e9alable d\u2019ANTONIO MANCHADO LOPEZ, qui se r\u00e9serve le droit de r\u00e9clamer tout dommage \u00e9ventuel r\u00e9sultant de l\u2019\u00e9tablissement d\u2019un lien non autoris\u00e9.<\/p>\n\n\n\n<h3 class=\"wp-block-heading\">2. UTILISATION DU SITE WEB PAR LES VISITEURS<\/h3>\n\n\n\n<p>L&rsquo;utilisateur doit lire attentivement cette Mention L\u00e9gale ainsi que la Politique de Confidentialit\u00e9 et des Cookies chaque fois qu&rsquo;il utilise ce site web, car les conditions peuvent \u00eatre modifi\u00e9es \u00e0 tout moment. L&rsquo;utilisateur s&rsquo;engage \u00e9galement \u00e0 utiliser le site web et l&rsquo;ensemble de son contenu de mani\u00e8re l\u00e9gale et appropri\u00e9e, conform\u00e9ment \u00e0 la l\u00e9gislation en vigueur. L&rsquo;utilisateur s&rsquo;engage \u00e0 ne pas :<\/p>\n\n\n\n<ul class=\"wp-block-list\">\n<li>Faire un usage non autoris\u00e9 ou frauduleux du site web et\/ou de son contenu.<\/li>\n\n\n\n<li>Introduire ou diffuser des virus informatiques ou tout autre syst\u00e8me physique ou logique susceptible de causer des dommages aux syst\u00e8mes du propri\u00e9taire du site, de ses fournisseurs ou de tiers.<\/li>\n\n\n\n<li>Tenter d&rsquo;acc\u00e9der, d&rsquo;utiliser et\/ou de manipuler les donn\u00e9es du propri\u00e9taire du site ou celles des utilisateurs.<\/li>\n\n\n\n<li>Supprimer, masquer ou manipuler toute mention des droits de propri\u00e9t\u00e9 intellectuelle ou industrielle, ainsi que les dispositifs de protection technique.<\/li>\n\n\n\n<li>Copier et\/ou publier tout ou partie du site web sans l&rsquo;autorisation \u00e9crite expresse d\u2019ANTONIO MANCHADO LOPEZ.<\/li>\n<\/ul>\n\n\n\n<h3 class=\"wp-block-heading\">3. DROITS DE PROPRI\u00c9T\u00c9 INTELLECTUELLE ET INDUSTRIELLE<\/h3>\n\n\n\n<p>Conform\u00e9ment aux articles 8 et 32.1, alin\u00e9a 2, de la Loi sur la Propri\u00e9t\u00e9 Intellectuelle, la reproduction et la communication publique, y compris sous forme de mise \u00e0 disposition, de tout ou partie des contenus de ce site web, \u00e0 des fins commerciales, sur tout support et par tout moyen technique, sont express\u00e9ment interdites sans l\u2019autorisation d\u2019ANTONIO MANCHADO LOPEZ. L&rsquo;utilisateur s&rsquo;engage \u00e0 respecter les droits de Propri\u00e9t\u00e9 Intellectuelle et Industrielle d\u2019ANTONIO MANCHADO LOPEZ.<\/p>\n\n\n\n<p>L&rsquo;affichage, l&rsquo;impression, la copie et le stockage des contenus du site web sont autoris\u00e9s \u00e0 condition qu&rsquo;ils soient uniquement destin\u00e9s \u00e0 un usage personnel et priv\u00e9. L&rsquo;utilisateur s&rsquo;engage \u00e0 ne pas supprimer, alt\u00e9rer ou manipuler tout dispositif de protection ou syst\u00e8me de s\u00e9curit\u00e9 install\u00e9 sur le site web.<\/p>\n\n\n\n<h3 class=\"wp-block-heading\">4. EXCLUSION DE GARANTIES ET RESPONSABILIT\u00c9. LIENS<\/h3>\n\n\n\n<p>ANTONIO MANCHADO LOPEZ ne sera en aucun cas responsable des dommages pouvant \u00eatre caus\u00e9s, bien qu&rsquo;il ait pris toutes les mesures technologiques n\u00e9cessaires pour les \u00e9viter.<\/p>\n\n\n\n<p>En raison de la pr\u00e9sence de liens et d\u2019hyperliens vers d&rsquo;autres sites web, ANTONIO MANCHADO LOPEZ informe qu\u2019il n\u2019exerce aucun contr\u00f4le sur ces sites et leur contenu. En aucun cas, il n&rsquo;assumera de responsabilit\u00e9 pour les contenus des liens tiers ni ne garantira la disponibilit\u00e9, la qualit\u00e9, la v\u00e9racit\u00e9, l&rsquo;exactitude ou la l\u00e9galit\u00e9 des informations contenues dans ces liens et autres sites Internet.<\/p>\n\n\n\n<p>L&rsquo;inclusion de ces liens externes n&rsquo;implique aucune forme d&rsquo;association, fusion ou participation avec les entit\u00e9s tierces.<\/p>\n\n\n\n<h3 class=\"wp-block-heading\">5. L\u00c9GISLATION ET JURIDICTION<\/h3>\n\n\n\n<p>La l\u00e9gislation applicable \u00e0 cette Mention L\u00e9gale est la l\u00e9gislation espagnole, et la juridiction comp\u00e9tente pour conna\u00eetre de tout litige relatif \u00e0 ce site web sera celle des tribunaux comp\u00e9tents.<\/p>\n\n\n\n<p>ANTONIO MANCHADO LOPEZ signalera toute violation de ces conditions, ainsi que toute utilisation abusive ou n\u00e9gligente de son site web, en exer\u00e7ant toutes les actions civiles et p\u00e9nales pr\u00e9vues par la loi.<\/p>\n\n\n\n<p>De m\u00eame, les propri\u00e9taires de ce site web se r\u00e9servent le droit de refuser ou de retirer l&rsquo;acc\u00e8s au site web et\/ou aux services offerts sans pr\u00e9avis, de leur propre initiative ou \u00e0 la demande d&rsquo;un tiers, aux utilisateurs qui ne respecteraient pas cette Mention L\u00e9gale, la politique des cookies ou la Politique de Confidentialit\u00e9.<\/p>\n\n\n\n<h3 class=\"wp-block-heading\">6. POLITIQUE DE CONFIDENTIALIT\u00c9<\/h3>\n\n\n\n<ul class=\"wp-block-list\">\n<li><strong>Responsable:<\/strong> ANTONIO MANCHADO LOPEZ<\/li>\n\n\n\n<li><strong>Finalit\u00e9:<\/strong> Fournir les services propos\u00e9s via le site web ou g\u00e9rer d&rsquo;autres relations pouvant survenir avec ANTONIO MANCHADO LOPEZ \u00e0 la suite des demandes, proc\u00e9dures ou transactions effectu\u00e9es par l&rsquo;utilisateur, ainsi que g\u00e9rer l&rsquo;envoi d&rsquo;informations et de communications commerciales \u00e0 la demande de l&rsquo;utilisateur.<\/li>\n\n\n\n<li><strong>Base l\u00e9gale:<\/strong> R\u00e8glement (UE) 2016\/679 du Parlement Europ\u00e9en et du Conseil du 27 avril 2016, devenu obligatoire en mai 2018, et Loi Organique 3\/2018 du 5 d\u00e9cembre relative \u00e0 la Protection des Donn\u00e9es Personnelles et \u00e0 la Garantie des Droits Num\u00e9riques.<\/li>\n\n\n\n<li><strong>Destinataires:<\/strong> Fichier interne automatis\u00e9 d\u2019ANTONIO MANCHADO LOPEZ et tiers pour le d\u00e9veloppement, la maintenance et le contr\u00f4le de la relation juridique \u00e9tablie, lorsque l&rsquo;utilisateur y a l\u00e9galement consenti.<\/li>\n\n\n\n<li><strong>Droits:<\/strong> Acc\u00e8s, rectification, suppression, opposition et droit \u00e0 l\u2019oubli.<\/li>\n<\/ul>\n","protected":false},"excerpt":{"rendered":"<p>Mentions L\u00e9gales \u00c0 travers cette Mention L\u00e9gale, ANTONIO MANCHADO LOPEZ met \u00e0 la disposition des utilisateurs les informations g\u00e9n\u00e9rales que les prestataires de services de la soci\u00e9t\u00e9 de l&rsquo;information sont tenus de fournir, conform\u00e9ment \u00e0 l&rsquo;article 10 de la Loi &hellip; <a href=\"https:\/\/alojamientoslucena.com\/fr\/mention-legale\/\">Read More<\/a><\/p>\n","protected":false},"author":1,"featured_media":0,"parent":0,"menu_order":0,"comment_status":"closed","ping_status":"closed","template":"","meta":{"footnotes":""},"class_list":["post-2195","page","type-page","status-publish","hentry"],"yoast_head":"<!-- This site is optimized with the Yoast SEO plugin v27.1.1 - https:\/\/yoast.com\/product\/yoast-seo-wordpress\/ -->\n<title>Mention L\u00e9gale - Alojamientos Lucena<\/title>\n<meta name=\"robots\" content=\"index, follow, max-snippet:-1, max-image-preview:large, max-video-preview:-1\" \/>\n<link rel=\"canonical\" href=\"https:\/\/alojamientoslucena.com\/fr\/mention-legale\/\" \/>\n<meta property=\"og:locale\" content=\"fr_FR\" \/>\n<meta property=\"og:type\" content=\"article\" \/>\n<meta property=\"og:title\" content=\"Mention L\u00e9gale - Alojamientos Lucena\" \/>\n<meta property=\"og:description\" content=\"Mentions L\u00e9gales \u00c0 travers cette Mention L\u00e9gale, ANTONIO MANCHADO LOPEZ met \u00e0 la disposition des utilisateurs les informations g\u00e9n\u00e9rales que les prestataires de services de la soci\u00e9t\u00e9 de l&rsquo;information sont tenus de fournir, conform\u00e9ment \u00e0 l&rsquo;article 10 de la Loi &hellip; Read More\" \/>\n<meta property=\"og:url\" content=\"https:\/\/alojamientoslucena.com\/fr\/mention-legale\/\" \/>\n<meta property=\"og:site_name\" content=\"Alojamientos Lucena\" \/>\n<meta property=\"article:modified_time\" content=\"2025-02-02T10:19:54+00:00\" \/>\n<meta name=\"twitter:card\" content=\"summary_large_image\" \/>\n<meta name=\"twitter:label1\" content=\"Dur\u00e9e de lecture estim\u00e9e\" \/>\n\t<meta name=\"twitter:data1\" content=\"5 minutes\" \/>\n<script type=\"application\/ld+json\" class=\"yoast-schema-graph\">{\"@context\":\"https:\/\/schema.org\",\"@graph\":[{\"@type\":\"WebPage\",\"@id\":\"https:\/\/alojamientoslucena.com\/fr\/mention-legale\/\",\"url\":\"https:\/\/alojamientoslucena.com\/fr\/mention-legale\/\",\"name\":\"Mention L\u00e9gale - Alojamientos Lucena\",\"isPartOf\":{\"@id\":\"https:\/\/alojamientoslucena.com\/fr\/#website\"},\"datePublished\":\"2025-01-21T17:49:25+00:00\",\"dateModified\":\"2025-02-02T10:19:54+00:00\",\"breadcrumb\":{\"@id\":\"https:\/\/alojamientoslucena.com\/fr\/mention-legale\/#breadcrumb\"},\"inLanguage\":\"fr-FR\",\"potentialAction\":[{\"@type\":\"ReadAction\",\"target\":[\"https:\/\/alojamientoslucena.com\/fr\/mention-legale\/\"]}]},{\"@type\":\"BreadcrumbList\",\"@id\":\"https:\/\/alojamientoslucena.com\/fr\/mention-legale\/#breadcrumb\",\"itemListElement\":[{\"@type\":\"ListItem\",\"position\":1,\"name\":\"Portada\",\"item\":\"https:\/\/alojamientoslucena.com\/fr\/appartement-calme-el-parque\/\"},{\"@type\":\"ListItem\",\"position\":2,\"name\":\"Mention L\u00e9gale\"}]},{\"@type\":\"WebSite\",\"@id\":\"https:\/\/alojamientoslucena.com\/fr\/#website\",\"url\":\"https:\/\/alojamientoslucena.com\/fr\/\",\"name\":\"Alojamientos Lucena\",\"description\":\"Apartamento tur\u00edstico en Lucena\",\"publisher\":{\"@id\":\"https:\/\/alojamientoslucena.com\/fr\/#organization\"},\"potentialAction\":[{\"@type\":\"SearchAction\",\"target\":{\"@type\":\"EntryPoint\",\"urlTemplate\":\"https:\/\/alojamientoslucena.com\/fr\/?s={search_term_string}\"},\"query-input\":{\"@type\":\"PropertyValueSpecification\",\"valueRequired\":true,\"valueName\":\"search_term_string\"}}],\"inLanguage\":\"fr-FR\"},{\"@type\":\"Organization\",\"@id\":\"https:\/\/alojamientoslucena.com\/fr\/#organization\",\"name\":\"Apartamento tranquilo \\\"El Parque\\\"\",\"url\":\"https:\/\/alojamientoslucena.com\/fr\/\",\"logo\":{\"@type\":\"ImageObject\",\"inLanguage\":\"fr-FR\",\"@id\":\"https:\/\/alojamientoslucena.com\/fr\/#\/schema\/logo\/image\/\",\"url\":\"https:\/\/alojamientoslucena.com\/wp-content\/uploads\/2024\/12\/cropped-logo-parque-transparente-3.png\",\"contentUrl\":\"https:\/\/alojamientoslucena.com\/wp-content\/uploads\/2024\/12\/cropped-logo-parque-transparente-3.png\",\"width\":1038,\"height\":362,\"caption\":\"Apartamento tranquilo \\\"El Parque\\\"\"},\"image\":{\"@id\":\"https:\/\/alojamientoslucena.com\/fr\/#\/schema\/logo\/image\/\"}}]}<\/script>\n<!-- \/ Yoast SEO plugin. -->","yoast_head_json":{"title":"Mention L\u00e9gale - Alojamientos Lucena","robots":{"index":"index","follow":"follow","max-snippet":"max-snippet:-1","max-image-preview":"max-image-preview:large","max-video-preview":"max-video-preview:-1"},"canonical":"https:\/\/alojamientoslucena.com\/fr\/mention-legale\/","og_locale":"fr_FR","og_type":"article","og_title":"Mention L\u00e9gale - Alojamientos Lucena","og_description":"Mentions L\u00e9gales \u00c0 travers cette Mention L\u00e9gale, ANTONIO MANCHADO LOPEZ met \u00e0 la disposition des utilisateurs les informations g\u00e9n\u00e9rales que les prestataires de services de la soci\u00e9t\u00e9 de l&rsquo;information sont tenus de fournir, conform\u00e9ment \u00e0 l&rsquo;article 10 de la Loi &hellip; Read More","og_url":"https:\/\/alojamientoslucena.com\/fr\/mention-legale\/","og_site_name":"Alojamientos Lucena","article_modified_time":"2025-02-02T10:19:54+00:00","twitter_card":"summary_large_image","twitter_misc":{"Dur\u00e9e de lecture estim\u00e9e":"5 minutes"},"schema":{"@context":"https:\/\/schema.org","@graph":[{"@type":"WebPage","@id":"https:\/\/alojamientoslucena.com\/fr\/mention-legale\/","url":"https:\/\/alojamientoslucena.com\/fr\/mention-legale\/","name":"Mention L\u00e9gale - Alojamientos Lucena","isPartOf":{"@id":"https:\/\/alojamientoslucena.com\/fr\/#website"},"datePublished":"2025-01-21T17:49:25+00:00","dateModified":"2025-02-02T10:19:54+00:00","breadcrumb":{"@id":"https:\/\/alojamientoslucena.com\/fr\/mention-legale\/#breadcrumb"},"inLanguage":"fr-FR","potentialAction":[{"@type":"ReadAction","target":["https:\/\/alojamientoslucena.com\/fr\/mention-legale\/"]}]},{"@type":"BreadcrumbList","@id":"https:\/\/alojamientoslucena.com\/fr\/mention-legale\/#breadcrumb","itemListElement":[{"@type":"ListItem","position":1,"name":"Portada","item":"https:\/\/alojamientoslucena.com\/fr\/appartement-calme-el-parque\/"},{"@type":"ListItem","position":2,"name":"Mention L\u00e9gale"}]},{"@type":"WebSite","@id":"https:\/\/alojamientoslucena.com\/fr\/#website","url":"https:\/\/alojamientoslucena.com\/fr\/","name":"Alojamientos Lucena","description":"Apartamento tur\u00edstico en Lucena","publisher":{"@id":"https:\/\/alojamientoslucena.com\/fr\/#organization"},"potentialAction":[{"@type":"SearchAction","target":{"@type":"EntryPoint","urlTemplate":"https:\/\/alojamientoslucena.com\/fr\/?s={search_term_string}"},"query-input":{"@type":"PropertyValueSpecification","valueRequired":true,"valueName":"search_term_string"}}],"inLanguage":"fr-FR"},{"@type":"Organization","@id":"https:\/\/alojamientoslucena.com\/fr\/#organization","name":"Apartamento tranquilo \"El Parque\"","url":"https:\/\/alojamientoslucena.com\/fr\/","logo":{"@type":"ImageObject","inLanguage":"fr-FR","@id":"https:\/\/alojamientoslucena.com\/fr\/#\/schema\/logo\/image\/","url":"https:\/\/alojamientoslucena.com\/wp-content\/uploads\/2024\/12\/cropped-logo-parque-transparente-3.png","contentUrl":"https:\/\/alojamientoslucena.com\/wp-content\/uploads\/2024\/12\/cropped-logo-parque-transparente-3.png","width":1038,"height":362,"caption":"Apartamento tranquilo \"El Parque\""},"image":{"@id":"https:\/\/alojamientoslucena.com\/fr\/#\/schema\/logo\/image\/"}}]}},"_links":{"self":[{"href":"https:\/\/alojamientoslucena.com\/fr\/wp-json\/wp\/v2\/pages\/2195","targetHints":{"allow":["GET"]}}],"collection":[{"href":"https:\/\/alojamientoslucena.com\/fr\/wp-json\/wp\/v2\/pages"}],"about":[{"href":"https:\/\/alojamientoslucena.com\/fr\/wp-json\/wp\/v2\/types\/page"}],"author":[{"embeddable":true,"href":"https:\/\/alojamientoslucena.com\/fr\/wp-json\/wp\/v2\/users\/1"}],"replies":[{"embeddable":true,"href":"https:\/\/alojamientoslucena.com\/fr\/wp-json\/wp\/v2\/comments?post=2195"}],"version-history":[{"count":1,"href":"https:\/\/alojamientoslucena.com\/fr\/wp-json\/wp\/v2\/pages\/2195\/revisions"}],"predecessor-version":[{"id":2199,"href":"https:\/\/alojamientoslucena.com\/fr\/wp-json\/wp\/v2\/pages\/2195\/revisions\/2199"}],"wp:attachment":[{"href":"https:\/\/alojamientoslucena.com\/fr\/wp-json\/wp\/v2\/media?parent=2195"}],"curies":[{"name":"wp","href":"https:\/\/api.w.org\/{rel}","templated":true}]}}