{"id":2187,"date":"2024-06-25T18:25:26","date_gmt":"2024-06-25T18:25:26","guid":{"rendered":"https:\/\/alojamientoslucena.com\/politica-de-privacidad-y-cookies\/"},"modified":"2025-02-02T09:58:27","modified_gmt":"2025-02-02T09:58:27","slug":"politica-di-privacy-e-cookie","status":"publish","type":"page","link":"https:\/\/alojamientoslucena.com\/it\/politica-di-privacy-e-cookie\/","title":{"rendered":"Politica di Privacy e Cookie"},"content":{"rendered":"\n<p>Questa Politica di Privacy e Cookie regola il trattamento dei dati personali effettuato a seguito dell&#8217;accesso e dell&#8217;utilizzo del sito web <a href=\"http:\/\/www.alojamientoslucena.com\/\">www.alojamientoslucena.com<\/a> (di seguito, &#8220;il sito web&#8221;), di propriet\u00e0 di ANTONIO MANCHADO LOPEZ, con NIF: 48872089X e indirizzo registrato a CAMINO LA TORCA, S\/N, 14900 LUCENA (C\u00d3RDOBA). Inoltre, questa politica informa sull&#8217;uso dei Cookie nel sito web.<\/p>\n\n\n\n<p><strong>Politica di Privacy<\/strong><\/p>\n\n\n\n<p>L&#8217;uso del sito web conferisce lo stato di utente (di seguito, &#8220;l&#8217;Utente&#8221;) e implica la conoscenza e l&#8217;accettazione di tutte le condizioni incluse in questa Politica di Privacy. L&#8217;Utente deve leggere attentamente questa Politica di Privacy ogni volta che intende utilizzare il sito web, poich\u00e9 essa pu\u00f2 subire modifiche.<\/p>\n\n\n\n<p><strong>Raccolta, Trattamento e Utilizzo dei Dati Personali sul Sito Web<\/strong><\/p>\n\n\n\n<p>Conformemente al Regolamento Generale sulla Protezione dei Dati 2016\/679 (GDPR) e alla Legge Organica 3\/2018 del 5 dicembre sulla Protezione dei Dati Personali e la Garanzia dei Diritti Digitali, informiamo che per utilizzare alcuni servizi offerti sul nostro sito web, potrebbe essere necessario fornire determinati dati personali, che saranno incorporati in file automatizzati.<\/p>\n\n\n\n<p>In conformit\u00e0 con le disposizioni del Regolamento (UE) 2016\/679 del Parlamento Europeo e del Consiglio del 27 aprile 2016, divenuto obbligatorio nel maggio 2018, relativo alla protezione delle persone fisiche riguardo al trattamento dei dati personali e alla libera circolazione di tali dati, e abrogando la Direttiva 95\/46\/CE (Regolamento Generale sulla Protezione dei Dati), informiamo che il responsabile del trattamento dei dati \u00e8 ANTONIO MANCHADO LOPEZ.<\/p>\n\n\n\n<p>In generale, i dati raccolti saranno trattati per fornire i servizi offerti tramite il sito web o per gestire altri tipi di relazioni che possono sorgere con ANTONIO MANCHADO LOPEZ a seguito di richieste, procedure o azioni effettuate dall&#8217;Utente tramite il sito web. I dati trattati saranno quelli forniti dall&#8217;Utente attraverso i moduli disponibili sul sito web o tramite e-mail inviate agli indirizzi elettronici identificati, nonch\u00e9 qualsiasi altro dato generato durante il mantenimento della relazione corrispondente.<\/p>\n\n\n\n<p>Tutti i campi contrassegnati come obbligatori nei moduli devono essere compilati. L&#8217;omissione di uno di essi potrebbe impedire il trattamento della richiesta o la fornitura dei servizi corrispondenti.<\/p>\n\n\n\n<p>Inoltre, durante il processo di raccolta dei dati, potrebbe essere richiesto il consenso per altre finalit\u00e0 non direttamente correlate al servizio interessato. Se non si \u00e8 d&#8217;accordo con questi trattamenti aggiuntivi, \u00e8 possibile selezionare o deselezionare la casella appropriata.<\/p>\n\n\n\n<p><strong>Comunicazione o Trasferimento dei Dati<\/strong><\/p>\n\n\n\n<p>I dati raccolti sul sito web saranno condivisi solo con altre aziende per lo sviluppo, la manutenzione e il controllo del rapporto giuridico stabilito o quando la legge lo consente.<\/p>\n\n\n\n<p>L&#8217;accettazione da parte dell&#8217;Utente del trattamento o del trasferimento dei propri dati nelle condizioni descritte in questo paragrafo \u00e8 sempre revocabile, senza effetti retroattivi.<\/p>\n\n\n\n<p>Al di fuori dei casi sopra previsti, ANTONIO MANCHADO LOPEZ non comunicher\u00e0 i dati personali degli Utenti a terzi, salvo previo consenso nelle modalit\u00e0 legalmente richieste.<\/p>\n\n\n\n<p><strong>Esattezza, Aggiornamento e Conservazione dei Dati Personali degli Utenti<\/strong><\/p>\n\n\n\n<p>Inviando i propri dati attraverso i moduli previsti o tramite e-mail, l&#8217;Utente dichiara che le informazioni e i dati forniti sono esatti e veritieri e che ha pi\u00f9 di 18 anni. I servizi del sito web non sono destinati ai minori di 18 anni, pertanto il consenso dei genitori non \u00e8 previsto. L&#8217;Utente \u00e8 responsabile di mantenere aggiornati tutti i suoi dati personali.<\/p>\n\n\n\n<p>ANTONIO MANCHADO LOPEZ conserver\u00e0 i dati personali finch\u00e9 saranno necessari per fornire i servizi o elaborare le richieste degli Utenti e, in ogni caso, per i periodi legalmente stabiliti per ciascun caso.<\/p>\n\n\n\n<p><strong>Esercizio dei Diritti di Accesso, Rettifica, Cancellazione e Opposizione<\/strong><\/p>\n\n\n\n<p>Gli Utenti possono opporsi al trattamento dei propri dati che non sono essenziali per la fornitura dei servizi offerti sul sito web o per qualsiasi altra finalit\u00e0 diversa dal mantenimento della relazione specificata.<\/p>\n\n\n\n<p>Gli Utenti sono debitamente informati e possono, in qualsiasi momento, esercitare i propri diritti di accesso, rettifica, cancellazione e opposizione al trattamento dei dati, nonch\u00e9 revocare il proprio consenso o esercitare il diritto all&#8217;oblio nei termini previsti dalla legge, contattando l&#8217;indirizzo email: <a href=\"mailto:hola@alojamientoslucena.com\">hola@alojamientoslucena.com<\/a> o l&#8217;indirizzo postale dell&#8217;azienda, allegando una copia di un documento che attesti la propria identit\u00e0.<\/p>\n\n\n\n<p><strong>Comunicazioni Commerciali<\/strong><\/p>\n\n\n\n<p>Nei casi in cui l&#8217;Utente abbia dato il proprio consenso a ricevere comunicazioni commerciali, ANTONIO MANCHADO LOPEZ potr\u00e0 inviare agli Utenti informazioni commerciali o pubblicitarie con qualsiasi mezzo, compresi quelli elettronici (e-mail, SMS, ecc.), sia di carattere generale che personalizzate in base alle loro caratteristiche, sui propri prodotti e servizi, inclusa la partecipazione a concorsi, eventi e sondaggi di soddisfazione.<\/p>\n\n\n\n<p>L&#8217;Utente pu\u00f2 opporsi in qualsiasi momento all&#8217;invio di comunicazioni commerciali inviando una richiesta agli indirizzi postali o elettronici sopra indicati o utilizzando i mezzi specifici forniti nelle comunicazioni commerciali ricevute.<\/p>\n\n\n\n<p><strong>Siti Collegati<\/strong><\/p>\n\n\n\n<p>Il sito web pu\u00f2 contenere collegamenti ad altri siti web al di fuori del controllo di ANTONIO MANCHADO LOPEZ. Pertanto, non possiamo garantire n\u00e9 essere responsabili del trattamento dei dati personali forniti dall&#8217;Utente su tali siti. Si consiglia di consultare le politiche di privacy di tali siti.<\/p>\n\n\n\n<p><strong>Politica dei Cookie<\/strong><\/p>\n\n\n\n<p>ANTONIO MANCHADO LOPEZ, in conformit\u00e0 con la Legge 34\/2002 dell&#8217;11 luglio sui servizi della societ\u00e0 dell&#8217;informazione e sul commercio elettronico (LSSI), consolidata al 10 maggio 2014, informa sulla propria Politica dei Cookie nei paragrafi seguenti.<\/p>\n\n\n\n<p><strong>Cosa sono i cookie?<\/strong><\/p>\n\n\n\n<p>Un cookie \u00e8 un file scaricato e memorizzato sul dispositivo dell&#8217;Utente quando si accede a determinate pagine web, permettendo di archiviare e recuperare informazioni sulla navigazione effettuata da tale dispositivo.<\/p>\n\n\n\n<p><strong>Blocco o Disabilitazione dei Cookie<\/strong><\/p>\n\n\n\n<p>L&#8217;Utente pu\u00f2 consentire, bloccare o eliminare i cookie installati sul proprio dispositivo attraverso le impostazioni del browser o tramite il plug-in disponibile al seguente link:<\/p>\n\n\n\n<figure class=\"wp-block-embed\"><div class=\"wp-block-embed__wrapper\">\nhttps:\/\/tools.google.com\/dlpage\/gaoptout?hl=it.\n<\/div><\/figure>\n\n\n\n<p>Link per disabilitare i cookie nei diversi browser:<\/p>\n\n\n\n<ul class=\"wp-block-list\">\n<li><strong>Firefox<\/strong>: <a href=\"https:\/\/support.mozilla.org\/it\/kb\/Attivare%20e%20disattivare%20i%20cookie\">https:\/\/support.mozilla.org\/it\/kb\/Attivare%20e%20disattivare%20i%20cookie<\/a><\/li>\n\n\n\n<li><strong>Explorer<\/strong>: <a href=\"http:\/\/windows.microsoft.com\/it-it\/windows7\/how-to-manage-cookies-in-internet-explorer-9\">http:\/\/windows.microsoft.com\/it-it\/windows7\/how-to-manage-cookies-in-internet-explorer-9<\/a><\/li>\n\n\n\n<li><strong>Safari<\/strong>: <a href=\"http:\/\/support.apple.com\/kb\/ph5042\">http:\/\/support.apple.com\/kb\/ph5042<\/a><\/li>\n\n\n\n<li><strong>Opera<\/strong>: <a href=\"http:\/\/help.opera.com\/Windows\/11.50\/it\/cookies.html\">http:\/\/help.opera.com\/Windows\/11.50\/it\/cookies.html<\/a><\/li>\n\n\n\n<li><strong>Google Chrome<\/strong>: <a href=\"http:\/\/support.google.com\/chrome\/bin\/answer.py?hl=it&amp;answer=95647\">http:\/\/support.google.com\/chrome\/bin\/answer.py?hl=it&amp;answer=95647<\/a><\/li>\n<\/ul>\n","protected":false},"excerpt":{"rendered":"<p>Questa Politica di Privacy e Cookie regola il trattamento dei dati personali effettuato a seguito dell&#8217;accesso e dell&#8217;utilizzo del sito web www.alojamientoslucena.com (di seguito, &#8220;il sito web&#8221;), di propriet\u00e0 di ANTONIO MANCHADO LOPEZ, con NIF: 48872089X e indirizzo registrato a &hellip; <a href=\"https:\/\/alojamientoslucena.com\/it\/politica-di-privacy-e-cookie\/\">Read More<\/a><\/p>\n","protected":false},"author":1,"featured_media":0,"parent":0,"menu_order":0,"comment_status":"closed","ping_status":"closed","template":"","meta":{"footnotes":""},"class_list":["post-2187","page","type-page","status-publish","hentry"],"yoast_head":"<!-- This site is optimized with the Yoast SEO plugin v27.1.1 - https:\/\/yoast.com\/product\/yoast-seo-wordpress\/ -->\n<title>Politica di Privacy e Cookie - Alojamientos Lucena<\/title>\n<meta name=\"robots\" content=\"index, follow, max-snippet:-1, max-image-preview:large, max-video-preview:-1\" \/>\n<link rel=\"canonical\" href=\"https:\/\/alojamientoslucena.com\/it\/politica-di-privacy-e-cookie\/\" \/>\n<meta property=\"og:locale\" content=\"it_IT\" \/>\n<meta property=\"og:type\" content=\"article\" \/>\n<meta property=\"og:title\" content=\"Politica di Privacy e Cookie - Alojamientos Lucena\" \/>\n<meta property=\"og:description\" content=\"Questa Politica di Privacy e Cookie regola il trattamento dei dati personali effettuato a seguito dell&#8217;accesso e dell&#8217;utilizzo del sito web www.alojamientoslucena.com (di seguito, &#8220;il sito web&#8221;), di propriet\u00e0 di ANTONIO MANCHADO LOPEZ, con NIF: 48872089X e indirizzo registrato a &hellip; Read More\" \/>\n<meta property=\"og:url\" content=\"https:\/\/alojamientoslucena.com\/it\/politica-di-privacy-e-cookie\/\" \/>\n<meta property=\"og:site_name\" content=\"Alojamientos Lucena\" \/>\n<meta property=\"article:modified_time\" content=\"2025-02-02T09:58:27+00:00\" \/>\n<meta name=\"twitter:card\" content=\"summary_large_image\" \/>\n<meta name=\"twitter:label1\" content=\"Tempo di lettura stimato\" \/>\n\t<meta name=\"twitter:data1\" content=\"5 minuti\" \/>\n<script type=\"application\/ld+json\" class=\"yoast-schema-graph\">{\"@context\":\"https:\/\/schema.org\",\"@graph\":[{\"@type\":\"WebPage\",\"@id\":\"https:\/\/alojamientoslucena.com\/it\/politica-di-privacy-e-cookie\/\",\"url\":\"https:\/\/alojamientoslucena.com\/it\/politica-di-privacy-e-cookie\/\",\"name\":\"Politica di Privacy e Cookie - Alojamientos Lucena\",\"isPartOf\":{\"@id\":\"https:\/\/alojamientoslucena.com\/it\/#website\"},\"datePublished\":\"2024-06-25T18:25:26+00:00\",\"dateModified\":\"2025-02-02T09:58:27+00:00\",\"breadcrumb\":{\"@id\":\"https:\/\/alojamientoslucena.com\/it\/politica-di-privacy-e-cookie\/#breadcrumb\"},\"inLanguage\":\"it-IT\",\"potentialAction\":[{\"@type\":\"ReadAction\",\"target\":[\"https:\/\/alojamientoslucena.com\/it\/politica-di-privacy-e-cookie\/\"]}]},{\"@type\":\"BreadcrumbList\",\"@id\":\"https:\/\/alojamientoslucena.com\/it\/politica-di-privacy-e-cookie\/#breadcrumb\",\"itemListElement\":[{\"@type\":\"ListItem\",\"position\":1,\"name\":\"Portada\",\"item\":\"https:\/\/alojamientoslucena.com\/it\/appartamento-tranquillo-el-parque\/\"},{\"@type\":\"ListItem\",\"position\":2,\"name\":\"Politica di Privacy e Cookie\"}]},{\"@type\":\"WebSite\",\"@id\":\"https:\/\/alojamientoslucena.com\/it\/#website\",\"url\":\"https:\/\/alojamientoslucena.com\/it\/\",\"name\":\"Alojamientos Lucena\",\"description\":\"Apartamento tur\u00edstico en Lucena\",\"publisher\":{\"@id\":\"https:\/\/alojamientoslucena.com\/it\/#organization\"},\"potentialAction\":[{\"@type\":\"SearchAction\",\"target\":{\"@type\":\"EntryPoint\",\"urlTemplate\":\"https:\/\/alojamientoslucena.com\/it\/?s={search_term_string}\"},\"query-input\":{\"@type\":\"PropertyValueSpecification\",\"valueRequired\":true,\"valueName\":\"search_term_string\"}}],\"inLanguage\":\"it-IT\"},{\"@type\":\"Organization\",\"@id\":\"https:\/\/alojamientoslucena.com\/it\/#organization\",\"name\":\"Apartamento tranquilo \\\"El Parque\\\"\",\"url\":\"https:\/\/alojamientoslucena.com\/it\/\",\"logo\":{\"@type\":\"ImageObject\",\"inLanguage\":\"it-IT\",\"@id\":\"https:\/\/alojamientoslucena.com\/it\/#\/schema\/logo\/image\/\",\"url\":\"https:\/\/alojamientoslucena.com\/wp-content\/uploads\/2024\/12\/cropped-logo-parque-transparente-3.png\",\"contentUrl\":\"https:\/\/alojamientoslucena.com\/wp-content\/uploads\/2024\/12\/cropped-logo-parque-transparente-3.png\",\"width\":1038,\"height\":362,\"caption\":\"Apartamento tranquilo \\\"El Parque\\\"\"},\"image\":{\"@id\":\"https:\/\/alojamientoslucena.com\/it\/#\/schema\/logo\/image\/\"}}]}<\/script>\n<!-- \/ Yoast SEO plugin. -->","yoast_head_json":{"title":"Politica di Privacy e Cookie - Alojamientos Lucena","robots":{"index":"index","follow":"follow","max-snippet":"max-snippet:-1","max-image-preview":"max-image-preview:large","max-video-preview":"max-video-preview:-1"},"canonical":"https:\/\/alojamientoslucena.com\/it\/politica-di-privacy-e-cookie\/","og_locale":"it_IT","og_type":"article","og_title":"Politica di Privacy e Cookie - Alojamientos Lucena","og_description":"Questa Politica di Privacy e Cookie regola il trattamento dei dati personali effettuato a seguito dell&#8217;accesso e dell&#8217;utilizzo del sito web www.alojamientoslucena.com (di seguito, &#8220;il sito web&#8221;), di propriet\u00e0 di ANTONIO MANCHADO LOPEZ, con NIF: 48872089X e indirizzo registrato a &hellip; Read More","og_url":"https:\/\/alojamientoslucena.com\/it\/politica-di-privacy-e-cookie\/","og_site_name":"Alojamientos Lucena","article_modified_time":"2025-02-02T09:58:27+00:00","twitter_card":"summary_large_image","twitter_misc":{"Tempo di lettura stimato":"5 minuti"},"schema":{"@context":"https:\/\/schema.org","@graph":[{"@type":"WebPage","@id":"https:\/\/alojamientoslucena.com\/it\/politica-di-privacy-e-cookie\/","url":"https:\/\/alojamientoslucena.com\/it\/politica-di-privacy-e-cookie\/","name":"Politica di Privacy e Cookie - Alojamientos Lucena","isPartOf":{"@id":"https:\/\/alojamientoslucena.com\/it\/#website"},"datePublished":"2024-06-25T18:25:26+00:00","dateModified":"2025-02-02T09:58:27+00:00","breadcrumb":{"@id":"https:\/\/alojamientoslucena.com\/it\/politica-di-privacy-e-cookie\/#breadcrumb"},"inLanguage":"it-IT","potentialAction":[{"@type":"ReadAction","target":["https:\/\/alojamientoslucena.com\/it\/politica-di-privacy-e-cookie\/"]}]},{"@type":"BreadcrumbList","@id":"https:\/\/alojamientoslucena.com\/it\/politica-di-privacy-e-cookie\/#breadcrumb","itemListElement":[{"@type":"ListItem","position":1,"name":"Portada","item":"https:\/\/alojamientoslucena.com\/it\/appartamento-tranquillo-el-parque\/"},{"@type":"ListItem","position":2,"name":"Politica di Privacy e Cookie"}]},{"@type":"WebSite","@id":"https:\/\/alojamientoslucena.com\/it\/#website","url":"https:\/\/alojamientoslucena.com\/it\/","name":"Alojamientos Lucena","description":"Apartamento tur\u00edstico en Lucena","publisher":{"@id":"https:\/\/alojamientoslucena.com\/it\/#organization"},"potentialAction":[{"@type":"SearchAction","target":{"@type":"EntryPoint","urlTemplate":"https:\/\/alojamientoslucena.com\/it\/?s={search_term_string}"},"query-input":{"@type":"PropertyValueSpecification","valueRequired":true,"valueName":"search_term_string"}}],"inLanguage":"it-IT"},{"@type":"Organization","@id":"https:\/\/alojamientoslucena.com\/it\/#organization","name":"Apartamento tranquilo \"El Parque\"","url":"https:\/\/alojamientoslucena.com\/it\/","logo":{"@type":"ImageObject","inLanguage":"it-IT","@id":"https:\/\/alojamientoslucena.com\/it\/#\/schema\/logo\/image\/","url":"https:\/\/alojamientoslucena.com\/wp-content\/uploads\/2024\/12\/cropped-logo-parque-transparente-3.png","contentUrl":"https:\/\/alojamientoslucena.com\/wp-content\/uploads\/2024\/12\/cropped-logo-parque-transparente-3.png","width":1038,"height":362,"caption":"Apartamento tranquilo \"El Parque\""},"image":{"@id":"https:\/\/alojamientoslucena.com\/it\/#\/schema\/logo\/image\/"}}]}},"_links":{"self":[{"href":"https:\/\/alojamientoslucena.com\/it\/wp-json\/wp\/v2\/pages\/2187","targetHints":{"allow":["GET"]}}],"collection":[{"href":"https:\/\/alojamientoslucena.com\/it\/wp-json\/wp\/v2\/pages"}],"about":[{"href":"https:\/\/alojamientoslucena.com\/it\/wp-json\/wp\/v2\/types\/page"}],"author":[{"embeddable":true,"href":"https:\/\/alojamientoslucena.com\/it\/wp-json\/wp\/v2\/users\/1"}],"replies":[{"embeddable":true,"href":"https:\/\/alojamientoslucena.com\/it\/wp-json\/wp\/v2\/comments?post=2187"}],"version-history":[{"count":1,"href":"https:\/\/alojamientoslucena.com\/it\/wp-json\/wp\/v2\/pages\/2187\/revisions"}],"predecessor-version":[{"id":2191,"href":"https:\/\/alojamientoslucena.com\/it\/wp-json\/wp\/v2\/pages\/2187\/revisions\/2191"}],"wp:attachment":[{"href":"https:\/\/alojamientoslucena.com\/it\/wp-json\/wp\/v2\/media?parent=2187"}],"curies":[{"name":"wp","href":"https:\/\/api.w.org\/{rel}","templated":true}]}}