{"id":2197,"date":"2025-01-21T17:49:25","date_gmt":"2025-01-21T17:49:25","guid":{"rendered":"https:\/\/alojamientoslucena.com\/aviso-legal\/"},"modified":"2025-02-02T10:24:21","modified_gmt":"2025-02-02T10:24:21","slug":"avviso-legale","status":"publish","type":"page","link":"https:\/\/alojamientoslucena.com\/it\/avviso-legale\/","title":{"rendered":"Avviso Legale"},"content":{"rendered":"\n<p>Attraverso questo avviso legale, ANTONIO MANCHADO LOPEZ fornisce agli utenti le informazioni generali che i fornitori di servizi della societ\u00e0 dell&#8217;informazione sono tenuti a rendere disponibili, in conformit\u00e0 con l&#8217;articolo 10 della Legge 34\/2002 dell&#8217;11 luglio sui Servizi della Societ\u00e0 dell&#8217;Informazione e sul Commercio Elettronico.<\/p>\n\n\n\n<p>Si informa che il sito web <a href=\"http:\/\/www.alojamientoslucena.com\/\">www.alojamientoslucena.com<\/a> \u00e8 di propriet\u00e0 di ANTONIO MANCHADO LOPEZ, legalmente registrato con N.I.F 48872089X e con sede legale in CAMINO LA TORCA, S\/N, 14900 LUCENA (C\u00d3RDOBA). Per contatti e informazioni, ANTONIO MANCHADO LOPEZ mette a disposizione degli utenti il seguente indirizzo e-mail: <a href=\"mailto:hola@alojamientoslucena.com\">hola@alojamientoslucena.com<\/a>.<\/p>\n\n\n\n<p>Lo scopo di questo sito web \u00e8 fornire agli utenti informazioni chiare sui servizi offerti da ANTONIO MANCHADO LOPEZ.<\/p>\n\n\n\n<h3 class=\"wp-block-heading\">1. ACCESSO AL SITO WEB E ACCETTAZIONE DELL&#8217;AVVISO LEGALE<\/h3>\n\n\n\n<p>Accedendo a questo sito web, si acquisisce la condizione di utente e si accettano pienamente tutte le condizioni contenute in questo avviso legale. L&#8217;obiettivo di questo portale web \u00e8 fornire i servizi offerti dall&#8217;azienda. Tramite il sito web, \u00e8 possibile contattarci e richiedere informazioni.<\/p>\n\n\n\n<p>L&#8217;utente si impegna a utilizzare i servizi e le funzionalit\u00e0 offerte da ANTONIO MANCHADO LOPEZ in conformit\u00e0 con il suo codice etico, la legge, la buona fede, l&#8217;ordine pubblico, gli usi commerciali e il presente avviso legale. L&#8217;utente sar\u00e0 responsabile nei confronti di ANTONIO MANCHADO LOPEZ o di terzi per eventuali violazioni derivanti dalla mancata osservanza delle suddette condizioni.<\/p>\n\n\n\n<p>L&#8217;inserimento di un link ad un altro sito web non implica in alcun caso l&#8217;esistenza di una relazione tra ANTONIO MANCHADO LOPEZ e il proprietario del sito collegato, n\u00e9 implica l&#8217;approvazione o l&#8217;accettazione del contenuto o dei servizi offerti dallo stesso. Chiunque desideri creare un link a questo sito web deve ottenere preventivamente il consenso di ANTONIO MANCHADO LOPEZ, che si riserva il diritto di richiedere danni derivanti dalla creazione di un link non autorizzato.<\/p>\n\n\n\n<h3 class=\"wp-block-heading\">2. UTILIZZO DEL SITO WEB DA PARTE DEI VISITATORI<\/h3>\n\n\n\n<p>L&#8217;utente deve leggere attentamente questo avviso legale e la Politica sulla Privacy e sui Cookie ogni volta che utilizza questo sito web, poich\u00e9 le condizioni possono essere modificate in qualsiasi momento. L&#8217;utente si impegna inoltre a fare un uso legittimo e appropriato del sito web e di tutti i suoi contenuti, in conformit\u00e0 con la legislazione vigente. L&#8217;utente si impegna in particolare a non:<\/p>\n\n\n\n<ul class=\"wp-block-list\">\n<li>Utilizzare in modo non autorizzato o fraudolento il sito web e\/o i suoi contenuti.<\/li>\n\n\n\n<li>Introdurre o diffondere virus informatici o altri sistemi fisici o logici che possano danneggiare i sistemi del proprietario del sito, dei suoi fornitori o di terzi.<\/li>\n\n\n\n<li>Tentare di accedere, utilizzare e\/o manipolare i dati del proprietario del sito o degli utenti dello stesso.<\/li>\n\n\n\n<li>Rimuovere, nascondere o alterare eventuali note sui diritti di propriet\u00e0 intellettuale o industriale, nonch\u00e9 i dispositivi di protezione tecnica.<\/li>\n\n\n\n<li>Copiare e\/o pubblicare il sito web senza l&#8217;autorizzazione scritta espressa di ANTONIO MANCHADO LOPEZ.<\/li>\n<\/ul>\n\n\n\n<h3 class=\"wp-block-heading\">3. DIRITTI DI PROPRIET\u00c0 INTELLETTUALE E INDUSTRIALE<\/h3>\n\n\n\n<p>Ai sensi degli articoli 8 e 32.1, secondo comma, della Legge sulla Propriet\u00e0 Intellettuale, la riproduzione e la comunicazione pubblica, inclusa la modalit\u00e0 di messa a disposizione, di tutti o parte dei contenuti di questo sito web per scopi commerciali, su qualsiasi supporto e con qualsiasi mezzo tecnico, sono espressamente vietate senza l&#8217;autorizzazione di ANTONIO MANCHADO LOPEZ. L&#8217;utente si impegna a rispettare i diritti di propriet\u00e0 intellettuale e industriale di ANTONIO MANCHADO LOPEZ.<\/p>\n\n\n\n<p>\u00c8 consentita la visualizzazione, la stampa, la copia e l&#8217;archiviazione dei contenuti del sito web a condizione che siano esclusivamente per uso personale e privato. L&#8217;utente si impegna a non rimuovere, alterare o manomettere eventuali dispositivi di protezione o sistemi di sicurezza installati sul sito web.<\/p>\n\n\n\n<h3 class=\"wp-block-heading\">4. ESCLUSIONE DI GARANZIE E RESPONSABILIT\u00c0. LINK<\/h3>\n\n\n\n<p>ANTONIO MANCHADO LOPEZ non sar\u00e0 in nessun caso responsabile per eventuali danni, nonostante abbia adottato tutte le misure tecnologiche necessarie per evitarli.<\/p>\n\n\n\n<p>A causa della presenza di link e collegamenti ipertestuali ad altri siti web, ANTONIO MANCHADO LOPEZ informa che non esercita alcun controllo su tali siti e sui loro contenuti. In nessun caso si assumer\u00e0 responsabilit\u00e0 per i contenuti di terzi n\u00e9 garantir\u00e0 la disponibilit\u00e0, qualit\u00e0, veridicit\u00e0 o legalit\u00e0 delle informazioni contenute in tali collegamenti e altri siti internet.<\/p>\n\n\n\n<p>L&#8217;inclusione di questi collegamenti esterni non implica alcuna forma di associazione, fusione o partecipazione con le entit\u00e0 terze.<\/p>\n\n\n\n<h3 class=\"wp-block-heading\">5. LEGISLAZIONE APPLICABILE E GIURISDIZIONE<\/h3>\n\n\n\n<p>La legislazione applicabile a questo avviso legale \u00e8 la legislazione spagnola, e la giurisdizione competente per eventuali controversie sar\u00e0 quella dei tribunali competenti.<\/p>\n\n\n\n<p>ANTONIO MANCHADO LOPEZ denuncer\u00e0 qualsiasi violazione delle presenti condizioni, nonch\u00e9 qualsiasi uso improprio o negligente del suo sito web, adottando tutte le azioni civili e penali previste dalla legge.<\/p>\n\n\n\n<p>Allo stesso modo, i titolari di questo sito web si riservano il diritto di negare o revocare l&#8217;accesso al sito web e\/o ai servizi offerti senza preavviso, di propria iniziativa o su richiesta di un terzo, agli utenti che violino il presente avviso legale, la politica sui cookie o la Politica sulla Privacy.<\/p>\n\n\n\n<h3 class=\"wp-block-heading\">6. POLITICA SULLA PRIVACY<\/h3>\n\n\n\n<ul class=\"wp-block-list\">\n<li><strong>Responsabile:<\/strong> ANTONIO MANCHADO LOPEZ<\/li>\n\n\n\n<li><strong>Finalit\u00e0:<\/strong> Fornire i servizi offerti tramite il sito web o gestire altri rapporti con ANTONIO MANCHADO LOPEZ derivanti da richieste, procedure o transazioni effettuate dall&#8217;utente, nonch\u00e9 gestire l&#8217;invio di informazioni e comunicazioni commerciali su richiesta dell&#8217;utente.<\/li>\n\n\n\n<li><strong>Base giuridica:<\/strong> Regolamento (UE) 2016\/679 del Parlamento Europeo e del Consiglio del 27 aprile 2016, divenuto obbligatorio nel maggio 2018, e Legge Organica 3\/2018 del 5 dicembre sulla Protezione dei Dati Personali e Garanzia dei Diritti Digitali.<\/li>\n\n\n\n<li><strong>Destinatari:<\/strong> Archivio interno automatizzato di ANTONIO MANCHADO LOPEZ e terzi per lo sviluppo, la manutenzione e il controllo del rapporto giuridico stabilito, se legalmente autorizzato dall&#8217;utente.<\/li>\n\n\n\n<li><strong>Diritti:<\/strong> Accesso, rettifica, cancellazione, opposizione e diritto all&#8217;oblio.<\/li>\n<\/ul>\n","protected":false},"excerpt":{"rendered":"<p>Attraverso questo avviso legale, ANTONIO MANCHADO LOPEZ fornisce agli utenti le informazioni generali che i fornitori di servizi della societ\u00e0 dell&#8217;informazione sono tenuti a rendere disponibili, in conformit\u00e0 con l&#8217;articolo 10 della Legge 34\/2002 dell&#8217;11 luglio sui Servizi della Societ\u00e0 &hellip; <a href=\"https:\/\/alojamientoslucena.com\/it\/avviso-legale\/\">Read More<\/a><\/p>\n","protected":false},"author":1,"featured_media":0,"parent":0,"menu_order":0,"comment_status":"closed","ping_status":"closed","template":"","meta":{"footnotes":""},"class_list":["post-2197","page","type-page","status-publish","hentry"],"yoast_head":"<!-- This site is optimized with the Yoast SEO plugin v27.1.1 - https:\/\/yoast.com\/product\/yoast-seo-wordpress\/ -->\n<title>Avviso Legale - Alojamientos Lucena<\/title>\n<meta name=\"robots\" content=\"index, follow, max-snippet:-1, max-image-preview:large, max-video-preview:-1\" \/>\n<link rel=\"canonical\" href=\"https:\/\/alojamientoslucena.com\/it\/avviso-legale\/\" \/>\n<meta property=\"og:locale\" content=\"it_IT\" \/>\n<meta property=\"og:type\" content=\"article\" \/>\n<meta property=\"og:title\" content=\"Avviso Legale - Alojamientos Lucena\" \/>\n<meta property=\"og:description\" content=\"Attraverso questo avviso legale, ANTONIO MANCHADO LOPEZ fornisce agli utenti le informazioni generali che i fornitori di servizi della societ\u00e0 dell&#8217;informazione sono tenuti a rendere disponibili, in conformit\u00e0 con l&#8217;articolo 10 della Legge 34\/2002 dell&#8217;11 luglio sui Servizi della Societ\u00e0 &hellip; Read More\" \/>\n<meta property=\"og:url\" content=\"https:\/\/alojamientoslucena.com\/it\/avviso-legale\/\" \/>\n<meta property=\"og:site_name\" content=\"Alojamientos Lucena\" \/>\n<meta property=\"article:modified_time\" content=\"2025-02-02T10:24:21+00:00\" \/>\n<meta name=\"twitter:card\" content=\"summary_large_image\" \/>\n<meta name=\"twitter:label1\" content=\"Tempo di lettura stimato\" \/>\n\t<meta name=\"twitter:data1\" content=\"5 minuti\" \/>\n<script type=\"application\/ld+json\" class=\"yoast-schema-graph\">{\"@context\":\"https:\/\/schema.org\",\"@graph\":[{\"@type\":\"WebPage\",\"@id\":\"https:\/\/alojamientoslucena.com\/it\/avviso-legale\/\",\"url\":\"https:\/\/alojamientoslucena.com\/it\/avviso-legale\/\",\"name\":\"Avviso Legale - Alojamientos Lucena\",\"isPartOf\":{\"@id\":\"https:\/\/alojamientoslucena.com\/it\/#website\"},\"datePublished\":\"2025-01-21T17:49:25+00:00\",\"dateModified\":\"2025-02-02T10:24:21+00:00\",\"breadcrumb\":{\"@id\":\"https:\/\/alojamientoslucena.com\/it\/avviso-legale\/#breadcrumb\"},\"inLanguage\":\"it-IT\",\"potentialAction\":[{\"@type\":\"ReadAction\",\"target\":[\"https:\/\/alojamientoslucena.com\/it\/avviso-legale\/\"]}]},{\"@type\":\"BreadcrumbList\",\"@id\":\"https:\/\/alojamientoslucena.com\/it\/avviso-legale\/#breadcrumb\",\"itemListElement\":[{\"@type\":\"ListItem\",\"position\":1,\"name\":\"Portada\",\"item\":\"https:\/\/alojamientoslucena.com\/it\/appartamento-tranquillo-el-parque\/\"},{\"@type\":\"ListItem\",\"position\":2,\"name\":\"Avviso Legale\"}]},{\"@type\":\"WebSite\",\"@id\":\"https:\/\/alojamientoslucena.com\/it\/#website\",\"url\":\"https:\/\/alojamientoslucena.com\/it\/\",\"name\":\"Alojamientos Lucena\",\"description\":\"Apartamento tur\u00edstico en Lucena\",\"publisher\":{\"@id\":\"https:\/\/alojamientoslucena.com\/it\/#organization\"},\"potentialAction\":[{\"@type\":\"SearchAction\",\"target\":{\"@type\":\"EntryPoint\",\"urlTemplate\":\"https:\/\/alojamientoslucena.com\/it\/?s={search_term_string}\"},\"query-input\":{\"@type\":\"PropertyValueSpecification\",\"valueRequired\":true,\"valueName\":\"search_term_string\"}}],\"inLanguage\":\"it-IT\"},{\"@type\":\"Organization\",\"@id\":\"https:\/\/alojamientoslucena.com\/it\/#organization\",\"name\":\"Apartamento tranquilo \\\"El Parque\\\"\",\"url\":\"https:\/\/alojamientoslucena.com\/it\/\",\"logo\":{\"@type\":\"ImageObject\",\"inLanguage\":\"it-IT\",\"@id\":\"https:\/\/alojamientoslucena.com\/it\/#\/schema\/logo\/image\/\",\"url\":\"https:\/\/alojamientoslucena.com\/wp-content\/uploads\/2024\/12\/cropped-logo-parque-transparente-3.png\",\"contentUrl\":\"https:\/\/alojamientoslucena.com\/wp-content\/uploads\/2024\/12\/cropped-logo-parque-transparente-3.png\",\"width\":1038,\"height\":362,\"caption\":\"Apartamento tranquilo \\\"El Parque\\\"\"},\"image\":{\"@id\":\"https:\/\/alojamientoslucena.com\/it\/#\/schema\/logo\/image\/\"}}]}<\/script>\n<!-- \/ Yoast SEO plugin. -->","yoast_head_json":{"title":"Avviso Legale - Alojamientos Lucena","robots":{"index":"index","follow":"follow","max-snippet":"max-snippet:-1","max-image-preview":"max-image-preview:large","max-video-preview":"max-video-preview:-1"},"canonical":"https:\/\/alojamientoslucena.com\/it\/avviso-legale\/","og_locale":"it_IT","og_type":"article","og_title":"Avviso Legale - Alojamientos Lucena","og_description":"Attraverso questo avviso legale, ANTONIO MANCHADO LOPEZ fornisce agli utenti le informazioni generali che i fornitori di servizi della societ\u00e0 dell&#8217;informazione sono tenuti a rendere disponibili, in conformit\u00e0 con l&#8217;articolo 10 della Legge 34\/2002 dell&#8217;11 luglio sui Servizi della Societ\u00e0 &hellip; Read More","og_url":"https:\/\/alojamientoslucena.com\/it\/avviso-legale\/","og_site_name":"Alojamientos Lucena","article_modified_time":"2025-02-02T10:24:21+00:00","twitter_card":"summary_large_image","twitter_misc":{"Tempo di lettura stimato":"5 minuti"},"schema":{"@context":"https:\/\/schema.org","@graph":[{"@type":"WebPage","@id":"https:\/\/alojamientoslucena.com\/it\/avviso-legale\/","url":"https:\/\/alojamientoslucena.com\/it\/avviso-legale\/","name":"Avviso Legale - Alojamientos Lucena","isPartOf":{"@id":"https:\/\/alojamientoslucena.com\/it\/#website"},"datePublished":"2025-01-21T17:49:25+00:00","dateModified":"2025-02-02T10:24:21+00:00","breadcrumb":{"@id":"https:\/\/alojamientoslucena.com\/it\/avviso-legale\/#breadcrumb"},"inLanguage":"it-IT","potentialAction":[{"@type":"ReadAction","target":["https:\/\/alojamientoslucena.com\/it\/avviso-legale\/"]}]},{"@type":"BreadcrumbList","@id":"https:\/\/alojamientoslucena.com\/it\/avviso-legale\/#breadcrumb","itemListElement":[{"@type":"ListItem","position":1,"name":"Portada","item":"https:\/\/alojamientoslucena.com\/it\/appartamento-tranquillo-el-parque\/"},{"@type":"ListItem","position":2,"name":"Avviso Legale"}]},{"@type":"WebSite","@id":"https:\/\/alojamientoslucena.com\/it\/#website","url":"https:\/\/alojamientoslucena.com\/it\/","name":"Alojamientos Lucena","description":"Apartamento tur\u00edstico en Lucena","publisher":{"@id":"https:\/\/alojamientoslucena.com\/it\/#organization"},"potentialAction":[{"@type":"SearchAction","target":{"@type":"EntryPoint","urlTemplate":"https:\/\/alojamientoslucena.com\/it\/?s={search_term_string}"},"query-input":{"@type":"PropertyValueSpecification","valueRequired":true,"valueName":"search_term_string"}}],"inLanguage":"it-IT"},{"@type":"Organization","@id":"https:\/\/alojamientoslucena.com\/it\/#organization","name":"Apartamento tranquilo \"El Parque\"","url":"https:\/\/alojamientoslucena.com\/it\/","logo":{"@type":"ImageObject","inLanguage":"it-IT","@id":"https:\/\/alojamientoslucena.com\/it\/#\/schema\/logo\/image\/","url":"https:\/\/alojamientoslucena.com\/wp-content\/uploads\/2024\/12\/cropped-logo-parque-transparente-3.png","contentUrl":"https:\/\/alojamientoslucena.com\/wp-content\/uploads\/2024\/12\/cropped-logo-parque-transparente-3.png","width":1038,"height":362,"caption":"Apartamento tranquilo \"El Parque\""},"image":{"@id":"https:\/\/alojamientoslucena.com\/it\/#\/schema\/logo\/image\/"}}]}},"_links":{"self":[{"href":"https:\/\/alojamientoslucena.com\/it\/wp-json\/wp\/v2\/pages\/2197","targetHints":{"allow":["GET"]}}],"collection":[{"href":"https:\/\/alojamientoslucena.com\/it\/wp-json\/wp\/v2\/pages"}],"about":[{"href":"https:\/\/alojamientoslucena.com\/it\/wp-json\/wp\/v2\/types\/page"}],"author":[{"embeddable":true,"href":"https:\/\/alojamientoslucena.com\/it\/wp-json\/wp\/v2\/users\/1"}],"replies":[{"embeddable":true,"href":"https:\/\/alojamientoslucena.com\/it\/wp-json\/wp\/v2\/comments?post=2197"}],"version-history":[{"count":1,"href":"https:\/\/alojamientoslucena.com\/it\/wp-json\/wp\/v2\/pages\/2197\/revisions"}],"predecessor-version":[{"id":2202,"href":"https:\/\/alojamientoslucena.com\/it\/wp-json\/wp\/v2\/pages\/2197\/revisions\/2202"}],"wp:attachment":[{"href":"https:\/\/alojamientoslucena.com\/it\/wp-json\/wp\/v2\/media?parent=2197"}],"curies":[{"name":"wp","href":"https:\/\/api.w.org\/{rel}","templated":true}]}}